{"id":2554,"date":"2025-05-29T20:53:23","date_gmt":"2025-05-29T18:53:23","guid":{"rendered":"https:\/\/www.crystalharps.com\/?page_id=2554"},"modified":"2025-05-29T20:54:51","modified_gmt":"2025-05-29T18:54:51","slug":"film-dokumentalny-o-naszych-instrumentach-pl","status":"publish","type":"page","link":"https:\/\/www.crystalharps.com\/pl\/film-dokumentalny-o-naszych-instrumentach-pl\/","title":{"rendered":"Film dokumentalny o naszych instrumentach (PL)"},"content":{"rendered":"\t\t<div data-elementor-type=\"wp-page\" data-elementor-id=\"2554\" class=\"elementor elementor-2554\" data-elementor-post-type=\"page\">\n\t\t\t\t<div class=\"elementor-element elementor-element-28ce7b6b e-flex e-con-boxed e-con e-parent\" data-id=\"28ce7b6b\" data-element_type=\"container\" data-e-type=\"container\">\n\t\t\t\t\t<div class=\"e-con-inner\">\n\t\t\t\t<div class=\"elementor-element elementor-element-3a959c0b elementor-widget elementor-widget-heading\" data-id=\"3a959c0b\" data-element_type=\"widget\" data-e-type=\"widget\" data-widget_type=\"heading.default\">\n\t\t\t\t<div class=\"elementor-widget-container\">\n\t\t\t\t\t<h2 class=\"elementor-heading-title elementor-size-default\">\ud83c\udfa5 <em data-end=\"435\">~ <b>Become a Crystal Healer<\/b> ~ <br> Film dokumentalny o terapii d\u017awi\u0119kiem i uzdrawiaj\u0105cej mocy harf kryszta\u0142owych<\/em><\/h2>\t\t\t\t<\/div>\n\t\t\t\t<\/div>\n\t\t\t\t\t<\/div>\n\t\t\t\t<\/div>\n\t\t<div class=\"elementor-element elementor-element-42191781 e-grid e-con-boxed e-con e-parent\" data-id=\"42191781\" data-element_type=\"container\" data-e-type=\"container\">\n\t\t\t\t\t<div class=\"e-con-inner\">\n\t\t\t\t<div class=\"elementor-element elementor-element-6a620cbb elementor-widget elementor-widget-video\" data-id=\"6a620cbb\" data-element_type=\"widget\" data-e-type=\"widget\" data-settings=\"{&quot;youtube_url&quot;:&quot;https:\\\/\\\/www.youtube.com\\\/watch?v=72sNVojJzhU&quot;,&quot;video_type&quot;:&quot;youtube&quot;,&quot;controls&quot;:&quot;yes&quot;}\" data-widget_type=\"video.default\">\n\t\t\t\t<div class=\"elementor-widget-container\">\n\t\t\t\t\t\t\t<div class=\"elementor-wrapper elementor-open-inline\">\n\t\t\t<div class=\"elementor-video\"><\/div>\t\t<\/div>\n\t\t\t\t\t\t<\/div>\n\t\t\t\t<\/div>\n\t\t\t\t<div class=\"elementor-element elementor-element-38ed4f52 elementor-widget elementor-widget-text-editor\" data-id=\"38ed4f52\" data-element_type=\"widget\" data-e-type=\"widget\" data-widget_type=\"text-editor.default\">\n\t\t\t\t<div class=\"elementor-widget-container\">\n\t\t\t\t\t\t\t\t\t<p data-start=\"247\" data-end=\"484\">Odkryj transformuj\u0105c\u0105 moc d\u017awi\u0119ku kryszta\u0142\u00f3w.<br data-start=\"292\" data-end=\"295\" \/>Ten inspiruj\u0105cy film dokumentalny zabiera Ci\u0119 do \u015bwiata terapii d\u017awi\u0119kiem z wykorzystaniem naszych r\u0119cznie tworzonych instrument\u00f3w \u2013 zw\u0142aszcza unikalnych i pot\u0119\u017cnych <strong data-start=\"461\" data-end=\"483\">harf kryszta\u0142owych<\/strong>.<\/p><p data-start=\"486\" data-end=\"677\">Poznaj praktyk\u00f3w, terapeut\u00f3w, muzyk\u00f3w i uzdrowicieli z r\u00f3\u017cnych stron \u015bwiata, kt\u00f3rzy u\u017cywaj\u0105 czystych wibracji kryszta\u0142\u00f3w, by wspiera\u0107 g\u0142\u0119boki relaks, wewn\u0119trzn\u0105 r\u00f3wnowag\u0119 i duchow\u0105 przemian\u0119.<\/p><h4 data-start=\"679\" data-end=\"705\">W filmie dowiesz si\u0119:<\/h4><ul data-start=\"706\" data-end=\"1018\"><li data-start=\"706\" data-end=\"776\"><p data-start=\"708\" data-end=\"776\">Czym s\u0105 instrumenty kryszta\u0142owe i jak dzia\u0142aj\u0105 w terapii d\u017awi\u0119kiem<\/p><\/li><li data-start=\"777\" data-end=\"847\"><p data-start=\"779\" data-end=\"847\">Jak wibracje kryszta\u0142\u00f3w wspieraj\u0105 dobrostan fizyczny i emocjonalny<\/p><\/li><li data-start=\"848\" data-end=\"921\"><p data-start=\"850\" data-end=\"921\">Jak wykorzystywa\u0107 d\u017awi\u0119k do medytacji, relaksu i pracy terapeutycznej<\/p><\/li><li data-start=\"922\" data-end=\"1018\"><p data-start=\"924\" data-end=\"1018\">Prawdziwe historie crystal healer\u00f3w, terapeut\u00f3w d\u017awi\u0119ku i praktyk\u00f3w pracy z cia\u0142em i energi\u0105<\/p><\/li><\/ul><p data-start=\"1020\" data-end=\"1167\">\ud83d\udc8e W filmie znajdziesz pi\u0119kne, medytacyjne brzmienia harf kryszta\u0142owych oraz immersyjne obrazy \u2013 to opowie\u015b\u0107 zar\u00f3wno edukacyjna, jak i poruszaj\u0105ca.<\/p><hr data-start=\"1169\" data-end=\"1172\" \/><h3 data-start=\"1174\" data-end=\"1207\">Czy ten film jest dla Ciebie?<\/h3><p data-start=\"1209\" data-end=\"1569\">Ten dokument jest dla Ciebie, je\u015bli:<br data-start=\"1245\" data-end=\"1248\" \/>\u2714 Interesujesz si\u0119 terapi\u0105 d\u017awi\u0119kiem, medytacj\u0105 lub uzdrawianiem wibracyjnym<br data-start=\"1324\" data-end=\"1327\" \/>\u2714 Pracujesz jako terapeuta, nauczyciel jogi, coach lub uzdrowiciel<br data-start=\"1393\" data-end=\"1396\" \/>\u2714 Szukasz nowych narz\u0119dzi do wspierania dobrostanu i wewn\u0119trznej harmonii<br data-start=\"1469\" data-end=\"1472\" \/>\u2714 Chcesz dowiedzie\u0107 si\u0119 wi\u0119cej o pracy z harfami kryszta\u0142owymi i wysokowibracyjnymi instrumentami<\/p><p data-start=\"1571\" data-end=\"1660\">\u2728 Zainspiruj si\u0119. Wejd\u017a w \u015bwiat uzdrawiaj\u0105cego d\u017awi\u0119ku.<br data-start=\"1626\" data-end=\"1629\" \/><strong data-start=\"1629\" data-end=\"1657\">Zosta\u0144 Crystal Healerem.<\/strong> \ud83d\udcab<\/p><p data-start=\"1662\" data-end=\"1691\">\ud83c\udfac <strong data-start=\"1665\" data-end=\"1691\">Zobacz zwiastun filmu:<\/strong><\/p><p>\u00a0<\/p><p><iframe title=\"Zwiastun: Become a Crystal Healer -Uzdrawianie d\u017awi\u0119kiem z wykorzystaniem harf kryszta\u0142owych #shorts\" width=\"800\" height=\"450\" src=\"https:\/\/www.youtube.com\/embed\/uRtgOF1FUck?feature=oembed\" frameborder=\"0\" allow=\"accelerometer; autoplay; clipboard-write; encrypted-media; gyroscope; picture-in-picture; web-share\" referrerpolicy=\"strict-origin-when-cross-origin\" allowfullscreen><\/iframe><\/p>\t\t\t\t\t\t\t\t<\/div>\n\t\t\t\t<\/div>\n\t\t\t\t\t<\/div>\n\t\t\t\t<\/div>\n\t\t\t\t<\/div>\n\t\t","protected":false},"excerpt":{"rendered":"<p>\ud83c\udfa5 ~ Become a Crystal Healer ~ Film dokumentalny o terapii d\u017awi\u0119kiem i uzdrawiaj\u0105cej mocy harf kryszta\u0142owych https:\/\/www.youtube.com\/watch?v=72sNVojJzhU Odkryj transformuj\u0105c\u0105 moc d\u017awi\u0119ku kryszta\u0142\u00f3w.Ten inspiruj\u0105cy film dokumentalny zabiera Ci\u0119 do \u015bwiata terapii d\u017awi\u0119kiem z wykorzystaniem naszych r\u0119cznie tworzonych instrument\u00f3w \u2013 zw\u0142aszcza unikalnych i pot\u0119\u017cnych harf kryszta\u0142owych. Poznaj praktyk\u00f3w, terapeut\u00f3w, muzyk\u00f3w i uzdrowicieli z r\u00f3\u017cnych stron \u015bwiata, [&hellip;]<\/p>\n","protected":false},"author":1,"featured_media":0,"parent":0,"menu_order":0,"comment_status":"closed","ping_status":"closed","template":"","meta":{"footnotes":""},"class_list":["post-2554","page","type-page","status-publish","hentry"],"aioseo_notices":[],"_links":{"self":[{"href":"https:\/\/www.crystalharps.com\/pl\/wp-json\/wp\/v2\/pages\/2554","targetHints":{"allow":["GET"]}}],"collection":[{"href":"https:\/\/www.crystalharps.com\/pl\/wp-json\/wp\/v2\/pages"}],"about":[{"href":"https:\/\/www.crystalharps.com\/pl\/wp-json\/wp\/v2\/types\/page"}],"author":[{"embeddable":true,"href":"https:\/\/www.crystalharps.com\/pl\/wp-json\/wp\/v2\/users\/1"}],"replies":[{"embeddable":true,"href":"https:\/\/www.crystalharps.com\/pl\/wp-json\/wp\/v2\/comments?post=2554"}],"version-history":[{"count":8,"href":"https:\/\/www.crystalharps.com\/pl\/wp-json\/wp\/v2\/pages\/2554\/revisions"}],"predecessor-version":[{"id":6053,"href":"https:\/\/www.crystalharps.com\/pl\/wp-json\/wp\/v2\/pages\/2554\/revisions\/6053"}],"wp:attachment":[{"href":"https:\/\/www.crystalharps.com\/pl\/wp-json\/wp\/v2\/media?parent=2554"}],"curies":[{"name":"wp","href":"https:\/\/api.w.org\/{rel}","templated":true}]}}