{"id":1425,"date":"2024-09-13T11:58:11","date_gmt":"2024-09-13T09:58:11","guid":{"rendered":"https:\/\/www.crystalharps.com\/delivery-fr-copy\/"},"modified":"2026-01-12T15:44:32","modified_gmt":"2026-01-12T14:44:32","slug":"delivery-pl","status":"publish","type":"page","link":"https:\/\/www.crystalharps.com\/pl\/delivery-pl\/","title":{"rendered":"Dostawa"},"content":{"rendered":"\t\t<div data-elementor-type=\"wp-page\" data-elementor-id=\"1425\" class=\"elementor elementor-1425 elementor-442\" data-elementor-post-type=\"page\">\n\t\t\t\t<div class=\"elementor-element elementor-element-6a1e92f e-con-full e-flex e-con e-parent\" data-id=\"6a1e92f\" data-element_type=\"container\" data-e-type=\"container\" data-settings=\"{&quot;background_background&quot;:&quot;classic&quot;}\">\n\t\t\t\t<div class=\"elementor-element elementor-element-f7632e4 elementor-widget elementor-widget-heading\" data-id=\"f7632e4\" data-element_type=\"widget\" data-e-type=\"widget\" data-widget_type=\"heading.default\">\n\t\t\t\t<div class=\"elementor-widget-container\">\n\t\t\t\t\t<h2 class=\"elementor-heading-title elementor-size-default\">Dostawa<\/h2>\t\t\t\t<\/div>\n\t\t\t\t<\/div>\n\t\t\t\t<\/div>\n\t\t<div class=\"elementor-element elementor-element-501fba5 e-flex e-con-boxed e-con e-parent\" data-id=\"501fba5\" data-element_type=\"container\" data-e-type=\"container\">\n\t\t\t\t\t<div class=\"e-con-inner\">\n\t\t\t\t<div class=\"elementor-element elementor-element-e31a9e4 elementor-widget elementor-widget-text-editor\" data-id=\"e31a9e4\" data-element_type=\"widget\" data-e-type=\"widget\" data-widget_type=\"text-editor.default\">\n\t\t\t\t<div class=\"elementor-widget-container\">\n\t\t\t\t\t\t\t\t\t<p>Wysy\u0142amy nasze instrumenty na ca\u0142ym \u015bwiecie za po\u015brednictwem kurier\u00f3w lotniczych Fedex i UPS.<br>W Europie korzystamy z us\u0142ug DPD i UPS.<\/p><p>Strona internetowa automatycznie obliczy koszt transportu po wybraniu kraju dostawy.<\/p><p>Przesy\u0142ki s\u0105 starannie zapakowane i dobrze zabezpieczone. S\u0105 r\u00f3wnie\u017c ubezpieczone na pe\u0142n\u0105 warto\u015b\u0107 podczas transportu. Pakujemy je jednak w taki spos\u00f3b, \u017ce nigdy nie musimy korzysta\u0107 z tego ubezpieczenia, a nasz drogi klient mo\u017ce czu\u0107 si\u0119 spokojny.  <\/p>\t\t\t\t\t\t\t\t<\/div>\n\t\t\t\t<\/div>\n\t\t\t\t\t<\/div>\n\t\t\t\t<\/div>\n\t\t\t\t<\/div>\n\t\t","protected":false},"excerpt":{"rendered":"<p>Dostawa Wysy\u0142amy nasze instrumenty na ca\u0142ym \u015bwiecie za po\u015brednictwem kurier\u00f3w lotniczych Fedex i UPS.W Europie korzystamy z us\u0142ug DPD i UPS. Strona internetowa automatycznie obliczy koszt transportu po wybraniu kraju dostawy. Przesy\u0142ki s\u0105 starannie zapakowane i dobrze zabezpieczone. S\u0105 r\u00f3wnie\u017c ubezpieczone na pe\u0142n\u0105 warto\u015b\u0107 podczas transportu. Pakujemy je jednak w taki spos\u00f3b, \u017ce nigdy nie [&hellip;]<\/p>\n","protected":false},"author":1,"featured_media":0,"parent":0,"menu_order":0,"comment_status":"closed","ping_status":"closed","template":"","meta":{"footnotes":""},"class_list":["post-1425","page","type-page","status-publish","hentry"],"aioseo_notices":[],"_links":{"self":[{"href":"https:\/\/www.crystalharps.com\/pl\/wp-json\/wp\/v2\/pages\/1425","targetHints":{"allow":["GET"]}}],"collection":[{"href":"https:\/\/www.crystalharps.com\/pl\/wp-json\/wp\/v2\/pages"}],"about":[{"href":"https:\/\/www.crystalharps.com\/pl\/wp-json\/wp\/v2\/types\/page"}],"author":[{"embeddable":true,"href":"https:\/\/www.crystalharps.com\/pl\/wp-json\/wp\/v2\/users\/1"}],"replies":[{"embeddable":true,"href":"https:\/\/www.crystalharps.com\/pl\/wp-json\/wp\/v2\/comments?post=1425"}],"version-history":[{"count":6,"href":"https:\/\/www.crystalharps.com\/pl\/wp-json\/wp\/v2\/pages\/1425\/revisions"}],"predecessor-version":[{"id":5363,"href":"https:\/\/www.crystalharps.com\/pl\/wp-json\/wp\/v2\/pages\/1425\/revisions\/5363"}],"wp:attachment":[{"href":"https:\/\/www.crystalharps.com\/pl\/wp-json\/wp\/v2\/media?parent=1425"}],"curies":[{"name":"wp","href":"https:\/\/api.w.org\/{rel}","templated":true}]}}