{"id":1108,"date":"2024-09-07T07:12:26","date_gmt":"2024-09-07T05:12:26","guid":{"rendered":"https:\/\/www.crystalharps.com\/?page_id=1108"},"modified":"2026-01-11T17:16:13","modified_gmt":"2026-01-11T16:16:13","slug":"about-us-pl","status":"publish","type":"page","link":"https:\/\/www.crystalharps.com\/pl\/about-us-pl\/","title":{"rendered":"O nas"},"content":{"rendered":"\t\t<div data-elementor-type=\"wp-page\" data-elementor-id=\"1108\" class=\"elementor elementor-1108 elementor-63\" data-elementor-post-type=\"page\">\n\t\t\t\t<div class=\"elementor-element elementor-element-ed2d6b7 e-con-full e-flex e-con e-parent\" data-id=\"ed2d6b7\" data-element_type=\"container\" data-e-type=\"container\" data-settings=\"{&quot;background_background&quot;:&quot;classic&quot;}\">\n\t\t\t\t<div class=\"elementor-element elementor-element-f0fcfaa elementor-widget elementor-widget-heading\" data-id=\"f0fcfaa\" data-element_type=\"widget\" data-e-type=\"widget\" data-widget_type=\"heading.default\">\n\t\t\t\t<div class=\"elementor-widget-container\">\n\t\t\t\t\t<h2 class=\"elementor-heading-title elementor-size-default\">O nas<\/h2>\t\t\t\t<\/div>\n\t\t\t\t<\/div>\n\t\t\t\t<\/div>\n\t\t<div class=\"elementor-element elementor-element-da42e59 e-flex e-con-boxed e-con e-parent\" data-id=\"da42e59\" data-element_type=\"container\" data-e-type=\"container\">\n\t\t\t\t\t<div class=\"e-con-inner\">\n\t\t<div class=\"elementor-element elementor-element-37505c8 e-con-full e-flex e-con e-child\" data-id=\"37505c8\" data-element_type=\"container\" data-e-type=\"container\">\n\t\t\t\t<div class=\"elementor-element elementor-element-18b0383 elementor-widget elementor-widget-text-editor\" data-id=\"18b0383\" data-element_type=\"widget\" data-e-type=\"widget\" data-widget_type=\"text-editor.default\">\n\t\t\t\t<div class=\"elementor-widget-container\">\n\t\t\t\t\t\t\t\t\t<p>Powstali\u015bmy z pragnienia i potrzeby wprowadzenia do \u015bwiata wi\u0119kszej ilo\u015bci eterycznych, harmonijnych wibracji i d\u017awi\u0119k\u00f3w, kt\u00f3re mia\u0142yby pozytywny wp\u0142yw na ludzkie cia\u0142o i dusz\u0119.<\/p>\t\t\t\t\t\t\t\t<\/div>\n\t\t\t\t<\/div>\n\t\t\t\t<\/div>\n\t\t<div class=\"elementor-element elementor-element-282fe78 e-con-full e-flex e-con e-child\" data-id=\"282fe78\" data-element_type=\"container\" data-e-type=\"container\">\n\t\t<div class=\"elementor-element elementor-element-a00eb25 e-grid e-con-full e-con e-child\" data-id=\"a00eb25\" data-element_type=\"container\" data-e-type=\"container\">\n\t\t\t\t<div class=\"elementor-element elementor-element-07f82a3 elementor-widget elementor-widget-image\" data-id=\"07f82a3\" data-element_type=\"widget\" data-e-type=\"widget\" data-widget_type=\"image.default\">\n\t\t\t\t<div class=\"elementor-widget-container\">\n\t\t\t\t\t\t\t\t\t\t\t\t\t\t\t<img fetchpriority=\"high\" decoding=\"async\" width=\"491\" height=\"200\" src=\"https:\/\/www.crystalharps.com\/wp-content\/uploads\/2024\/09\/Zrzut-ekranu-2024-09-13-121104.png\" class=\"attachment-large size-large wp-image-5207\" alt=\"\" srcset=\"https:\/\/www.crystalharps.com\/wp-content\/uploads\/2024\/09\/Zrzut-ekranu-2024-09-13-121104.png 491w, https:\/\/www.crystalharps.com\/wp-content\/uploads\/2024\/09\/Zrzut-ekranu-2024-09-13-121104-300x122.png 300w\" sizes=\"(max-width: 491px) 100vw, 491px\" \/>\t\t\t\t\t\t\t\t\t\t\t\t\t\t\t<\/div>\n\t\t\t\t<\/div>\n\t\t\t\t<div class=\"elementor-element elementor-element-80092b6 elementor-widget elementor-widget-text-editor\" data-id=\"80092b6\" data-element_type=\"widget\" data-e-type=\"widget\" data-widget_type=\"text-editor.default\">\n\t\t\t\t<div class=\"elementor-widget-container\">\n\t\t\t\t\t\t\t\t\t<p>Fizycznie nasza produkcja znajduje si\u0119 w Gdyni, w Polsce. Sprzedajemy nasze produkty na ca\u0142ym \u015bwiecie.<\/p>\t\t\t\t\t\t\t\t<\/div>\n\t\t\t\t<\/div>\n\t\t\t\t<\/div>\n\t\t\t\t<\/div>\n\t\t\t\t\t<\/div>\n\t\t\t\t<\/div>\n\t\t<div class=\"elementor-element elementor-element-3790d0e e-flex e-con-boxed e-con e-parent\" data-id=\"3790d0e\" data-element_type=\"container\" data-e-type=\"container\">\n\t\t\t\t\t<div class=\"e-con-inner\">\n\t\t\t\t<div class=\"elementor-element elementor-element-622f873 elementor-widget elementor-widget-heading\" data-id=\"622f873\" data-element_type=\"widget\" data-e-type=\"widget\" data-widget_type=\"heading.default\">\n\t\t\t\t<div class=\"elementor-widget-container\">\n\t\t\t\t\t<h2 class=\"elementor-heading-title elementor-size-default\">Nasz zesp\u00f3\u0142<\/h2>\t\t\t\t<\/div>\n\t\t\t\t<\/div>\n\t\t\t\t\t<\/div>\n\t\t\t\t<\/div>\n\t\t<div class=\"elementor-element elementor-element-84879b2 e-flex e-con-boxed e-con e-parent\" data-id=\"84879b2\" data-element_type=\"container\" data-e-type=\"container\">\n\t\t\t\t\t<div class=\"e-con-inner\">\n\t\t<div class=\"elementor-element elementor-element-be27a13 e-con-full e-flex e-con e-child\" data-id=\"be27a13\" data-element_type=\"container\" data-e-type=\"container\">\n\t\t\t\t<div class=\"elementor-element elementor-element-4cfe23b elementor-widget elementor-widget-image\" data-id=\"4cfe23b\" data-element_type=\"widget\" data-e-type=\"widget\" data-widget_type=\"image.default\">\n\t\t\t\t<div class=\"elementor-widget-container\">\n\t\t\t\t\t\t\t\t\t\t\t\t\t\t\t<img decoding=\"async\" width=\"300\" height=\"300\" src=\"https:\/\/www.crystalharps.com\/wp-content\/uploads\/2024\/09\/400-vav2tomek1-300x300.png.webp\" class=\"attachment-large size-large wp-image-5213\" alt=\"\" srcset=\"https:\/\/www.crystalharps.com\/wp-content\/uploads\/2024\/09\/400-vav2tomek1-300x300.png.webp 300w, https:\/\/www.crystalharps.com\/wp-content\/uploads\/2024\/09\/400-vav2tomek1-300x300.png-150x150.webp 150w, https:\/\/www.crystalharps.com\/wp-content\/uploads\/2024\/09\/400-vav2tomek1-300x300.png-100x100.webp 100w\" sizes=\"(max-width: 300px) 100vw, 300px\" \/>\t\t\t\t\t\t\t\t\t\t\t\t\t\t\t<\/div>\n\t\t\t\t<\/div>\n\t\t\t\t<div class=\"elementor-element elementor-element-90c2e2f elementor-widget elementor-widget-heading\" data-id=\"90c2e2f\" data-element_type=\"widget\" data-e-type=\"widget\" data-widget_type=\"heading.default\">\n\t\t\t\t<div class=\"elementor-widget-container\">\n\t\t\t\t\t<h2 class=\"elementor-heading-title elementor-size-default\">Tom<\/h2>\t\t\t\t<\/div>\n\t\t\t\t<\/div>\n\t\t\t\t<div class=\"elementor-element elementor-element-6c32137 elementor-widget elementor-widget-text-editor\" data-id=\"6c32137\" data-element_type=\"widget\" data-e-type=\"widget\" data-widget_type=\"text-editor.default\">\n\t\t\t\t<div class=\"elementor-widget-container\">\n\t\t\t\t\t\t\t\t\t<p>wsp\u00f3\u0142w\u0142a\u015bciciel, za\u0142o\u017cyciel, projektant, kontakt z klientami<\/p>\t\t\t\t\t\t\t\t<\/div>\n\t\t\t\t<\/div>\n\t\t\t\t<\/div>\n\t\t<div class=\"elementor-element elementor-element-314808a e-con-full e-flex e-con e-child\" data-id=\"314808a\" data-element_type=\"container\" data-e-type=\"container\">\n\t\t\t\t<div class=\"elementor-element elementor-element-f3ff05f elementor-widget elementor-widget-image\" data-id=\"f3ff05f\" data-element_type=\"widget\" data-e-type=\"widget\" data-widget_type=\"image.default\">\n\t\t\t\t<div class=\"elementor-widget-container\">\n\t\t\t\t\t\t\t\t\t\t\t\t\t\t\t<img decoding=\"async\" width=\"300\" height=\"300\" src=\"https:\/\/www.crystalharps.com\/wp-content\/uploads\/2024\/09\/400-vav2-michal1-300x300.png.webp\" class=\"attachment-large size-large wp-image-5212\" alt=\"\" srcset=\"https:\/\/www.crystalharps.com\/wp-content\/uploads\/2024\/09\/400-vav2-michal1-300x300.png.webp 300w, https:\/\/www.crystalharps.com\/wp-content\/uploads\/2024\/09\/400-vav2-michal1-300x300.png-150x150.webp 150w, https:\/\/www.crystalharps.com\/wp-content\/uploads\/2024\/09\/400-vav2-michal1-300x300.png-100x100.webp 100w\" sizes=\"(max-width: 300px) 100vw, 300px\" \/>\t\t\t\t\t\t\t\t\t\t\t\t\t\t\t<\/div>\n\t\t\t\t<\/div>\n\t\t\t\t<div class=\"elementor-element elementor-element-3eea63f elementor-widget elementor-widget-heading\" data-id=\"3eea63f\" data-element_type=\"widget\" data-e-type=\"widget\" data-widget_type=\"heading.default\">\n\t\t\t\t<div class=\"elementor-widget-container\">\n\t\t\t\t\t<h2 class=\"elementor-heading-title elementor-size-default\">Micha\u0142<\/h2>\t\t\t\t<\/div>\n\t\t\t\t<\/div>\n\t\t\t\t<div class=\"elementor-element elementor-element-b03402f elementor-widget elementor-widget-text-editor\" data-id=\"b03402f\" data-element_type=\"widget\" data-e-type=\"widget\" data-widget_type=\"text-editor.default\">\n\t\t\t\t<div class=\"elementor-widget-container\">\n\t\t\t\t\t\t\t\t\t<p>wsp\u00f3\u0142w\u0142a\u015bciciel, projektant 3D, in\u017cynier maszyn<\/p>\t\t\t\t\t\t\t\t<\/div>\n\t\t\t\t<\/div>\n\t\t\t\t<\/div>\n\t\t<div class=\"elementor-element elementor-element-767a467 e-con-full e-flex e-con e-child\" data-id=\"767a467\" data-element_type=\"container\" data-e-type=\"container\">\n\t\t\t\t<div class=\"elementor-element elementor-element-698d858 elementor-widget elementor-widget-image\" data-id=\"698d858\" data-element_type=\"widget\" data-e-type=\"widget\" data-widget_type=\"image.default\">\n\t\t\t\t<div class=\"elementor-widget-container\">\n\t\t\t\t\t\t\t\t\t\t\t\t\t\t\t<img loading=\"lazy\" decoding=\"async\" width=\"300\" height=\"300\" src=\"https:\/\/www.crystalharps.com\/wp-content\/uploads\/2024\/09\/400-vav2-piotr1-300x300.png.webp\" class=\"attachment-large size-large wp-image-5211\" alt=\"\" srcset=\"https:\/\/www.crystalharps.com\/wp-content\/uploads\/2024\/09\/400-vav2-piotr1-300x300.png.webp 300w, https:\/\/www.crystalharps.com\/wp-content\/uploads\/2024\/09\/400-vav2-piotr1-300x300.png-150x150.webp 150w, https:\/\/www.crystalharps.com\/wp-content\/uploads\/2024\/09\/400-vav2-piotr1-300x300.png-100x100.webp 100w\" sizes=\"(max-width: 300px) 100vw, 300px\" \/>\t\t\t\t\t\t\t\t\t\t\t\t\t\t\t<\/div>\n\t\t\t\t<\/div>\n\t\t\t\t<div class=\"elementor-element elementor-element-68ba38e elementor-widget elementor-widget-heading\" data-id=\"68ba38e\" data-element_type=\"widget\" data-e-type=\"widget\" data-widget_type=\"heading.default\">\n\t\t\t\t<div class=\"elementor-widget-container\">\n\t\t\t\t\t<h2 class=\"elementor-heading-title elementor-size-default\">Piotr<\/h2>\t\t\t\t<\/div>\n\t\t\t\t<\/div>\n\t\t\t\t<div class=\"elementor-element elementor-element-16b0ec2 elementor-widget elementor-widget-text-editor\" data-id=\"16b0ec2\" data-element_type=\"widget\" data-e-type=\"widget\" data-widget_type=\"text-editor.default\">\n\t\t\t\t<div class=\"elementor-widget-container\">\n\t\t\t\t\t\t\t\t\t<p>wsp\u00f3\u0142w\u0142a\u015bciciel, muzyk, media spo\u0142eczno\u015bciowe, fotograf i projektant graficzny<\/p>\t\t\t\t\t\t\t\t<\/div>\n\t\t\t\t<\/div>\n\t\t\t\t<\/div>\n\t\t<div class=\"elementor-element elementor-element-efe9ec7 e-con-full e-flex e-con e-child\" data-id=\"efe9ec7\" data-element_type=\"container\" data-e-type=\"container\">\n\t\t\t\t<div class=\"elementor-element elementor-element-8e9f2b7 elementor-widget elementor-widget-image\" data-id=\"8e9f2b7\" data-element_type=\"widget\" data-e-type=\"widget\" data-widget_type=\"image.default\">\n\t\t\t\t<div class=\"elementor-widget-container\">\n\t\t\t\t\t\t\t\t\t\t\t\t\t\t\t<img loading=\"lazy\" decoding=\"async\" width=\"400\" height=\"400\" src=\"https:\/\/www.crystalharps.com\/wp-content\/uploads\/2024\/11\/400-vav2-agata.png\" class=\"attachment-full size-full wp-image-5214\" alt=\"\" srcset=\"https:\/\/www.crystalharps.com\/wp-content\/uploads\/2024\/11\/400-vav2-agata.png 400w, https:\/\/www.crystalharps.com\/wp-content\/uploads\/2024\/11\/400-vav2-agata-300x300.png 300w, https:\/\/www.crystalharps.com\/wp-content\/uploads\/2024\/11\/400-vav2-agata-150x150.png 150w, https:\/\/www.crystalharps.com\/wp-content\/uploads\/2024\/11\/400-vav2-agata-100x100.png 100w\" sizes=\"(max-width: 400px) 100vw, 400px\" \/>\t\t\t\t\t\t\t\t\t\t\t\t\t\t\t<\/div>\n\t\t\t\t<\/div>\n\t\t\t\t<div class=\"elementor-element elementor-element-26cff28 elementor-widget elementor-widget-heading\" data-id=\"26cff28\" data-element_type=\"widget\" data-e-type=\"widget\" data-widget_type=\"heading.default\">\n\t\t\t\t<div class=\"elementor-widget-container\">\n\t\t\t\t\t<h2 class=\"elementor-heading-title elementor-size-default\">Agata<\/h2>\t\t\t\t<\/div>\n\t\t\t\t<\/div>\n\t\t\t\t<div class=\"elementor-element elementor-element-90b0b67 elementor-widget elementor-widget-text-editor\" data-id=\"90b0b67\" data-element_type=\"widget\" data-e-type=\"widget\" data-widget_type=\"text-editor.default\">\n\t\t\t\t<div class=\"elementor-widget-container\">\n\t\t\t\t\t\t\t\t\t<p>monta\u017c instrument\u00f3w, kontakt z klientem<\/p>\t\t\t\t\t\t\t\t<\/div>\n\t\t\t\t<\/div>\n\t\t\t\t<\/div>\n\t\t<div class=\"elementor-element elementor-element-c632906 e-con-full e-flex e-con e-child\" data-id=\"c632906\" data-element_type=\"container\" data-e-type=\"container\">\n\t\t\t\t<div class=\"elementor-element elementor-element-8776500 elementor-widget elementor-widget-image\" data-id=\"8776500\" data-element_type=\"widget\" data-e-type=\"widget\" data-widget_type=\"image.default\">\n\t\t\t\t<div class=\"elementor-widget-container\">\n\t\t\t\t\t\t\t\t\t\t\t\t\t\t\t<img loading=\"lazy\" decoding=\"async\" width=\"300\" height=\"300\" src=\"https:\/\/www.crystalharps.com\/wp-content\/uploads\/2024\/09\/400-vav2-kamil1-300x300.png.webp\" class=\"attachment-full size-full wp-image-5209\" alt=\"\" srcset=\"https:\/\/www.crystalharps.com\/wp-content\/uploads\/2024\/09\/400-vav2-kamil1-300x300.png.webp 300w, https:\/\/www.crystalharps.com\/wp-content\/uploads\/2024\/09\/400-vav2-kamil1-300x300.png-150x150.webp 150w, https:\/\/www.crystalharps.com\/wp-content\/uploads\/2024\/09\/400-vav2-kamil1-300x300.png-100x100.webp 100w\" sizes=\"(max-width: 300px) 100vw, 300px\" \/>\t\t\t\t\t\t\t\t\t\t\t\t\t\t\t<\/div>\n\t\t\t\t<\/div>\n\t\t\t\t<div class=\"elementor-element elementor-element-49baac1 elementor-widget elementor-widget-heading\" data-id=\"49baac1\" data-element_type=\"widget\" data-e-type=\"widget\" data-widget_type=\"heading.default\">\n\t\t\t\t<div class=\"elementor-widget-container\">\n\t\t\t\t\t<h2 class=\"elementor-heading-title elementor-size-default\">Kamil<\/h2>\t\t\t\t<\/div>\n\t\t\t\t<\/div>\n\t\t\t\t<div class=\"elementor-element elementor-element-0e9b9d8 elementor-widget elementor-widget-text-editor\" data-id=\"0e9b9d8\" data-element_type=\"widget\" data-e-type=\"widget\" data-widget_type=\"text-editor.default\">\n\t\t\t\t<div class=\"elementor-widget-container\">\n\t\t\t\t\t\t\t\t\t<p>sk\u0142adanie instrument\u00f3w, strojenie<\/p>\t\t\t\t\t\t\t\t<\/div>\n\t\t\t\t<\/div>\n\t\t\t\t<\/div>\n\t\t<div class=\"elementor-element elementor-element-e78d079 e-con-full e-flex e-con e-child\" data-id=\"e78d079\" data-element_type=\"container\" data-e-type=\"container\">\n\t\t\t\t<div class=\"elementor-element elementor-element-8f18e31 elementor-widget elementor-widget-image\" data-id=\"8f18e31\" data-element_type=\"widget\" data-e-type=\"widget\" data-widget_type=\"image.default\">\n\t\t\t\t<div class=\"elementor-widget-container\">\n\t\t\t\t\t\t\t\t\t\t\t\t\t\t\t<img loading=\"lazy\" decoding=\"async\" width=\"400\" height=\"400\" src=\"https:\/\/www.crystalharps.com\/wp-content\/uploads\/2024\/11\/400-vav2-juanita.png\" class=\"attachment-large size-large wp-image-5215\" alt=\"\" srcset=\"https:\/\/www.crystalharps.com\/wp-content\/uploads\/2024\/11\/400-vav2-juanita.png 400w, https:\/\/www.crystalharps.com\/wp-content\/uploads\/2024\/11\/400-vav2-juanita-300x300.png 300w, https:\/\/www.crystalharps.com\/wp-content\/uploads\/2024\/11\/400-vav2-juanita-150x150.png 150w, https:\/\/www.crystalharps.com\/wp-content\/uploads\/2024\/11\/400-vav2-juanita-100x100.png 100w\" sizes=\"(max-width: 400px) 100vw, 400px\" \/>\t\t\t\t\t\t\t\t\t\t\t\t\t\t\t<\/div>\n\t\t\t\t<\/div>\n\t\t\t\t<div class=\"elementor-element elementor-element-7078ce3 elementor-widget elementor-widget-heading\" data-id=\"7078ce3\" data-element_type=\"widget\" data-e-type=\"widget\" data-widget_type=\"heading.default\">\n\t\t\t\t<div class=\"elementor-widget-container\">\n\t\t\t\t\t<h2 class=\"elementor-heading-title elementor-size-default\">Juanita<\/h2>\t\t\t\t<\/div>\n\t\t\t\t<\/div>\n\t\t\t\t<div class=\"elementor-element elementor-element-b511569 elementor-widget elementor-widget-text-editor\" data-id=\"b511569\" data-element_type=\"widget\" data-e-type=\"widget\" data-widget_type=\"text-editor.default\">\n\t\t\t\t<div class=\"elementor-widget-container\">\n\t\t\t\t\t\t\t\t\t<p>monta\u017c instrument\u00f3w, kontakt z klientem<\/p>\t\t\t\t\t\t\t\t<\/div>\n\t\t\t\t<\/div>\n\t\t\t\t<\/div>\n\t\t\t\t\t<\/div>\n\t\t\t\t<\/div>\n\t\t<div class=\"elementor-element elementor-element-adba30e e-grid e-con-boxed e-con e-parent\" data-id=\"adba30e\" data-element_type=\"container\" data-e-type=\"container\">\n\t\t\t\t\t<div class=\"e-con-inner\">\n\t\t\t\t<div class=\"elementor-element elementor-element-664767e elementor-widget elementor-widget-heading\" data-id=\"664767e\" data-element_type=\"widget\" data-e-type=\"widget\" data-widget_type=\"heading.default\">\n\t\t\t\t<div class=\"elementor-widget-container\">\n\t\t\t\t\t<h5 class=\"elementor-heading-title elementor-size-default\"><div data-elementor-type=\"wp-page\" data-elementor-id=\"1421\" class=\"elementor elementor-1421 elementor-924\" data-elementor-post-type=\"page\"><div class=\"elementor-element elementor-element-9382f8a e-flex e-con-boxed e-con e-parent e-lazyloaded\" data-id=\"9382f8a\" data-element_type=\"container\"><div class=\"e-con-inner\"><div class=\"elementor-element elementor-element-bf20bf2 elementor-widget elementor-widget-text-editor\" data-id=\"bf20bf2\" data-element_type=\"widget\" data-widget_type=\"text-editor.default\"><div class=\"elementor-widget-container\"><p><strong>Dane firmy:<\/strong><\/p><p>ETHEREAL WINGS Sp. z o.o. (LTD)<br>ul. Miernicza 24<br>81-527 Gdynia, Poland (EU)<br>NIP (VAT-UE): PL5862395720  <\/p><\/div><\/div><\/div><\/div><\/div><\/h5>\t\t\t\t<\/div>\n\t\t\t\t<\/div>\n\t\t\t\t<div class=\"elementor-element elementor-element-21e55bd elementor-widget elementor-widget-heading\" data-id=\"21e55bd\" data-element_type=\"widget\" data-e-type=\"widget\" data-widget_type=\"heading.default\">\n\t\t\t\t<div class=\"elementor-widget-container\">\n\t\t\t\t\t<h5 class=\"elementor-heading-title elementor-size-default\"><div data-elementor-type=\"wp-page\" data-elementor-id=\"1421\" class=\"elementor elementor-1421 elementor-924\" data-elementor-post-type=\"page\"><div class=\"elementor-element elementor-element-9382f8a e-flex e-con-boxed e-con e-parent e-lazyloaded\" data-id=\"9382f8a\" data-element_type=\"container\"><div class=\"e-con-inner\"><div class=\"elementor-element elementor-element-bf20bf2 elementor-widget elementor-widget-text-editor\" data-id=\"bf20bf2\" data-element_type=\"widget\" data-widget_type=\"text-editor.default\"><div class=\"elementor-widget-container\"><p><strong>Our workshop and showroom is located at:<\/strong><\/p><p>Ethereal Wings<br>ul. Miernicza 24 \/ p.II<br>81-527 Gdynia, Poland (EU) <\/p><p>We are open during: Monday to friday \u2013 10:00 to 16:00 (10 AM to 4 PM). <br>Time earth zone GMT +1 (Warszawa)<\/p><\/div><\/div><\/div><\/div><\/div><\/h5>\t\t\t\t<\/div>\n\t\t\t\t<\/div>\n\t\t\t\t\t<\/div>\n\t\t\t\t<\/div>\n\t\t\t\t<\/div>\n\t\t","protected":false},"excerpt":{"rendered":"<p>O nas Powstali\u015bmy z pragnienia i potrzeby wprowadzenia do \u015bwiata wi\u0119kszej ilo\u015bci eterycznych, harmonijnych wibracji i d\u017awi\u0119k\u00f3w, kt\u00f3re mia\u0142yby pozytywny wp\u0142yw na ludzkie cia\u0142o i dusz\u0119. Fizycznie nasza produkcja znajduje si\u0119 w Gdyni, w Polsce. Sprzedajemy nasze produkty na ca\u0142ym \u015bwiecie. Nasz zesp\u00f3\u0142 Tom wsp\u00f3\u0142w\u0142a\u015bciciel, za\u0142o\u017cyciel, projektant, kontakt z klientami Micha\u0142 wsp\u00f3\u0142w\u0142a\u015bciciel, projektant 3D, in\u017cynier [&hellip;]<\/p>\n","protected":false},"author":1,"featured_media":0,"parent":0,"menu_order":0,"comment_status":"closed","ping_status":"closed","template":"elementor_header_footer","meta":{"footnotes":""},"class_list":["post-1108","page","type-page","status-publish","hentry"],"aioseo_notices":[],"_links":{"self":[{"href":"https:\/\/www.crystalharps.com\/pl\/wp-json\/wp\/v2\/pages\/1108","targetHints":{"allow":["GET"]}}],"collection":[{"href":"https:\/\/www.crystalharps.com\/pl\/wp-json\/wp\/v2\/pages"}],"about":[{"href":"https:\/\/www.crystalharps.com\/pl\/wp-json\/wp\/v2\/types\/page"}],"author":[{"embeddable":true,"href":"https:\/\/www.crystalharps.com\/pl\/wp-json\/wp\/v2\/users\/1"}],"replies":[{"embeddable":true,"href":"https:\/\/www.crystalharps.com\/pl\/wp-json\/wp\/v2\/comments?post=1108"}],"version-history":[{"count":11,"href":"https:\/\/www.crystalharps.com\/pl\/wp-json\/wp\/v2\/pages\/1108\/revisions"}],"predecessor-version":[{"id":5217,"href":"https:\/\/www.crystalharps.com\/pl\/wp-json\/wp\/v2\/pages\/1108\/revisions\/5217"}],"wp:attachment":[{"href":"https:\/\/www.crystalharps.com\/pl\/wp-json\/wp\/v2\/media?parent=1108"}],"curies":[{"name":"wp","href":"https:\/\/api.w.org\/{rel}","templated":true}]}}