{"id":2568,"date":"2025-05-29T20:53:23","date_gmt":"2025-05-29T18:53:23","guid":{"rendered":"https:\/\/www.crystalharps.com\/?page_id=2568"},"modified":"2025-05-29T21:00:37","modified_gmt":"2025-05-29T19:00:37","slug":"documentaire-sur-nos-instruments-fr","status":"publish","type":"page","link":"https:\/\/www.crystalharps.com\/fr\/documentaire-sur-nos-instruments-fr\/","title":{"rendered":"Documentaire sur nos instruments (FR)"},"content":{"rendered":"\t\t<div data-elementor-type=\"wp-page\" data-elementor-id=\"2568\" class=\"elementor elementor-2568 elementor-2554\" data-elementor-post-type=\"page\">\n\t\t\t\t<div class=\"elementor-element elementor-element-53c83484 e-flex e-con-boxed e-con e-parent\" data-id=\"53c83484\" data-element_type=\"container\" data-e-type=\"container\">\n\t\t\t\t\t<div class=\"e-con-inner\">\n\t\t\t\t<div class=\"elementor-element elementor-element-1e92e607 elementor-widget elementor-widget-heading\" data-id=\"1e92e607\" data-element_type=\"widget\" data-e-type=\"widget\" data-widget_type=\"heading.default\">\n\t\t\t\t<div class=\"elementor-widget-container\">\n\t\t\t\t\t<h2 class=\"elementor-heading-title elementor-size-default\">\ud83c\udfa5 <em data-end=\"435\">~ <b>Become a Crystal Healer<\/b> ~ <br> Documentaire sur la th\u00e9rapie par le son et le pouvoir gu\u00e9risseur des harpes de cristal <\/em><\/h2>\t\t\t\t<\/div>\n\t\t\t\t<\/div>\n\t\t\t\t\t<\/div>\n\t\t\t\t<\/div>\n\t\t<div class=\"elementor-element elementor-element-1bb29fd e-grid e-con-boxed e-con e-parent\" data-id=\"1bb29fd\" data-element_type=\"container\" data-e-type=\"container\">\n\t\t\t\t\t<div class=\"e-con-inner\">\n\t\t\t\t<div class=\"elementor-element elementor-element-38d5bcd4 elementor-widget elementor-widget-video\" data-id=\"38d5bcd4\" data-element_type=\"widget\" data-e-type=\"widget\" data-settings=\"{&quot;youtube_url&quot;:&quot;https:\\\/\\\/www.youtube.com\\\/watch?v=72sNVojJzhU&quot;,&quot;video_type&quot;:&quot;youtube&quot;,&quot;controls&quot;:&quot;yes&quot;}\" data-widget_type=\"video.default\">\n\t\t\t\t<div class=\"elementor-widget-container\">\n\t\t\t\t\t\t\t<div class=\"elementor-wrapper elementor-open-inline\">\n\t\t\t<div class=\"elementor-video\"><\/div>\t\t<\/div>\n\t\t\t\t\t\t<\/div>\n\t\t\t\t<\/div>\n\t\t\t\t<div class=\"elementor-element elementor-element-5a2749b1 elementor-widget elementor-widget-text-editor\" data-id=\"5a2749b1\" data-element_type=\"widget\" data-e-type=\"widget\" data-widget_type=\"text-editor.default\">\n\t\t\t\t<div class=\"elementor-widget-container\">\n\t\t\t\t\t\t\t\t\t<p data-start=\"3410\" data-end=\"3670\">D\u00e9couvrez le pouvoir transformateur du son cristallin.<br data-start=\"3464\" data-end=\"3467\" \/>Ce documentaire inspirant explore le monde de la gu\u00e9rison par le son \u00e0 travers nos instruments de cristal fabriqu\u00e9s \u00e0 la main \u2013 en particulier les harpes de cristal uniques et puissantes que nous cr\u00e9ons.<\/p><p data-start=\"3672\" data-end=\"3895\">Rejoignez des praticiens, th\u00e9rapeutes, musiciens et gu\u00e9risseurs du monde entier qui utilisent les vibrations pures des cristaux pour favoriser une profonde relaxation, l&rsquo;\u00e9quilibre int\u00e9rieur et la transformation spirituelle.<\/p><h4 data-start=\"3897\" data-end=\"3933\">Dans ce film, vous apprendrez :<\/h4><ul data-start=\"3934\" data-end=\"4290\"><li data-start=\"3934\" data-end=\"4024\"><p data-start=\"3936\" data-end=\"4024\">Ce que sont les instruments de cristal et comment ils sont utilis\u00e9s en th\u00e9rapie sonore<\/p><\/li><li data-start=\"4025\" data-end=\"4112\"><p data-start=\"4027\" data-end=\"4112\">Comment les vibrations cristallines soutiennent le bien-\u00eatre physique et \u00e9motionnel<\/p><\/li><li data-start=\"4113\" data-end=\"4202\"><p data-start=\"4115\" data-end=\"4202\">Comment utiliser le son pour la m\u00e9ditation, la relaxation et les soins th\u00e9rapeutiques<\/p><\/li><li data-start=\"4203\" data-end=\"4290\"><p data-start=\"4205\" data-end=\"4290\">Des t\u00e9moignages authentiques de praticiens du son, de gu\u00e9risseurs et de th\u00e9rapeutes<\/p><\/li><\/ul><p data-start=\"4292\" data-end=\"4424\">\ud83d\udc8e Ce film, avec ses sons m\u00e9ditatifs de harpes de cristal et ses visuels immersifs, est \u00e0 la fois \u00e9ducatif et profond\u00e9ment \u00e9mouvant.<\/p><hr data-start=\"4426\" data-end=\"4429\" \/><h3 data-start=\"4431\" data-end=\"4461\">Ce film est-il pour vous ?<\/h3><p data-start=\"4463\" data-end=\"4872\">Ce documentaire est parfait pour vous si :<br data-start=\"4505\" data-end=\"4508\" \/>\u2714 Vous vous int\u00e9ressez \u00e0 la th\u00e9rapie sonore, \u00e0 la gu\u00e9rison vibratoire ou \u00e0 la m\u00e9ditation<br data-start=\"4596\" data-end=\"4599\" \/>\u2714 Vous \u00eates th\u00e9rapeute, professeur de yoga, coach ou praticien du bien-\u00eatre<br data-start=\"4674\" data-end=\"4677\" \/>\u2714 Vous cherchez de nouveaux outils pour soutenir le bien-\u00eatre et l\u2019harmonie int\u00e9rieure<br data-start=\"4763\" data-end=\"4766\" \/>\u2714 Vous souhaitez en savoir plus sur l\u2019utilisation des harpes de cristal et d\u2019instruments \u00e0 haute vibration<\/p><p data-start=\"4874\" data-end=\"4974\">\u2728 Laissez-vous inspirer. Entrez dans le monde du son gu\u00e9risseur.<br data-start=\"4938\" data-end=\"4941\" \/><strong data-start=\"4941\" data-end=\"4971\">Devenez un Crystal Healer.<\/strong> \ud83d\udcab<\/p><p data-start=\"4976\" data-end=\"5014\">\ud83c\udfac <strong data-start=\"4979\" data-end=\"5014\">Voir la bande-annonce du film :<\/strong><\/p><p><iframe title=\"Zwiastun: Become a Crystal Healer -Uzdrawianie d\u017awi\u0119kiem z wykorzystaniem harf kryszta\u0142owych #shorts\" width=\"800\" height=\"450\" src=\"https:\/\/www.youtube.com\/embed\/uRtgOF1FUck?feature=oembed\" frameborder=\"0\" allow=\"accelerometer; autoplay; clipboard-write; encrypted-media; gyroscope; picture-in-picture; web-share\" referrerpolicy=\"strict-origin-when-cross-origin\" allowfullscreen><\/iframe><\/p>\t\t\t\t\t\t\t\t<\/div>\n\t\t\t\t<\/div>\n\t\t\t\t\t<\/div>\n\t\t\t\t<\/div>\n\t\t\t\t<\/div>\n\t\t","protected":false},"excerpt":{"rendered":"<p>\ud83c\udfa5 ~ Become a Crystal Healer ~ Documentaire sur la th\u00e9rapie par le son et le pouvoir gu\u00e9risseur des harpes de cristal https:\/\/www.youtube.com\/watch?v=72sNVojJzhU D\u00e9couvrez le pouvoir transformateur du son cristallin.Ce documentaire inspirant explore le monde de la gu\u00e9rison par le son \u00e0 travers nos instruments de cristal fabriqu\u00e9s \u00e0 la main \u2013 en particulier les [&hellip;]<\/p>\n","protected":false},"author":1,"featured_media":0,"parent":0,"menu_order":0,"comment_status":"closed","ping_status":"closed","template":"","meta":{"footnotes":""},"class_list":["post-2568","page","type-page","status-publish","hentry"],"aioseo_notices":[],"_links":{"self":[{"href":"https:\/\/www.crystalharps.com\/fr\/wp-json\/wp\/v2\/pages\/2568","targetHints":{"allow":["GET"]}}],"collection":[{"href":"https:\/\/www.crystalharps.com\/fr\/wp-json\/wp\/v2\/pages"}],"about":[{"href":"https:\/\/www.crystalharps.com\/fr\/wp-json\/wp\/v2\/types\/page"}],"author":[{"embeddable":true,"href":"https:\/\/www.crystalharps.com\/fr\/wp-json\/wp\/v2\/users\/1"}],"replies":[{"embeddable":true,"href":"https:\/\/www.crystalharps.com\/fr\/wp-json\/wp\/v2\/comments?post=2568"}],"version-history":[{"count":4,"href":"https:\/\/www.crystalharps.com\/fr\/wp-json\/wp\/v2\/pages\/2568\/revisions"}],"predecessor-version":[{"id":2572,"href":"https:\/\/www.crystalharps.com\/fr\/wp-json\/wp\/v2\/pages\/2568\/revisions\/2572"}],"wp:attachment":[{"href":"https:\/\/www.crystalharps.com\/fr\/wp-json\/wp\/v2\/media?parent=2568"}],"curies":[{"name":"wp","href":"https:\/\/api.w.org\/{rel}","templated":true}]}}