{"id":1435,"date":"2024-09-07T07:12:36","date_gmt":"2024-09-07T05:12:36","guid":{"rendered":"https:\/\/www.crystalharps.com\/contact-us-es-copy\/"},"modified":"2026-01-12T14:12:01","modified_gmt":"2026-01-12T13:12:01","slug":"contact-us-fr","status":"publish","type":"page","link":"https:\/\/www.crystalharps.com\/fr\/contact-us-fr\/","title":{"rendered":"Contactez-nous"},"content":{"rendered":"\t\t<div data-elementor-type=\"wp-page\" data-elementor-id=\"1435\" class=\"elementor elementor-1435 elementor-65\" data-elementor-post-type=\"page\">\n\t\t\t\t<div class=\"elementor-element elementor-element-aebd532 e-con-full e-flex e-con e-parent\" data-id=\"aebd532\" data-element_type=\"container\" data-e-type=\"container\" data-settings=\"{&quot;background_background&quot;:&quot;classic&quot;}\">\n\t\t\t\t<div class=\"elementor-element elementor-element-5ea753a elementor-widget elementor-widget-heading\" data-id=\"5ea753a\" data-element_type=\"widget\" data-e-type=\"widget\" data-widget_type=\"heading.default\">\n\t\t\t\t<div class=\"elementor-widget-container\">\n\t\t\t\t\t<h2 class=\"elementor-heading-title elementor-size-default\">Contact<\/h2>\t\t\t\t<\/div>\n\t\t\t\t<\/div>\n\t\t\t\t<\/div>\n\t\t<div class=\"elementor-element elementor-element-b93448f e-flex e-con-boxed e-con e-parent\" data-id=\"b93448f\" data-element_type=\"container\" data-e-type=\"container\">\n\t\t\t\t\t<div class=\"e-con-inner\">\n\t\t\t\t<div class=\"elementor-element elementor-element-38e4492 elementor-widget__width-inherit elementor-widget elementor-widget-heading\" data-id=\"38e4492\" data-element_type=\"widget\" data-e-type=\"widget\" data-widget_type=\"heading.default\">\n\t\t\t\t<div class=\"elementor-widget-container\">\n\t\t\t\t\t<h2 class=\"elementor-heading-title elementor-size-default\">\nSi vous souhaitez en savoir plus sur notre instrument ou si vous avez des questions, n'h\u00e9sitez pas \u00e0 nous contacter.\n<\/h2>\t\t\t\t<\/div>\n\t\t\t\t<\/div>\n\t\t\t\t\t<\/div>\n\t\t\t\t<\/div>\n\t\t<div class=\"elementor-element elementor-element-35c893c e-flex e-con-boxed e-con e-parent\" data-id=\"35c893c\" data-element_type=\"container\" data-e-type=\"container\">\n\t\t\t\t\t<div class=\"e-con-inner\">\n\t\t<div class=\"elementor-element elementor-element-c675d34 e-con-full e-flex e-con e-child\" data-id=\"c675d34\" data-element_type=\"container\" data-e-type=\"container\">\n\t\t\t\t<div class=\"elementor-element elementor-element-80dac40 elementor-widget elementor-widget-text-editor\" data-id=\"80dac40\" data-element_type=\"widget\" data-e-type=\"widget\" data-widget_type=\"text-editor.default\">\n\t\t\t\t<div class=\"elementor-widget-container\">\n\t\t\t\t\t\t\t\t\t<p>E-mail&nbsp;: <strong>hi@etherealwings.eu<\/strong><\/p><p><strong><a href=\"https:\/\/www.crystalharps.com\/wp-content\/uploads\/2024\/10\/WhatsApp.svg.webp\"><img decoding=\"async\" class=\"wp-image-796 alignnone\" src=\"https:\/\/www.crystalharps.com\/wp-content\/uploads\/2024\/10\/WhatsApp.svg-300x300.webp\" alt=\"\" width=\"20\" height=\"20\" data-wp-editing=\"1\" srcset=\"https:\/\/www.crystalharps.com\/wp-content\/uploads\/2024\/10\/WhatsApp.svg-300x300.webp 300w, https:\/\/www.crystalharps.com\/wp-content\/uploads\/2024\/10\/WhatsApp.svg-1022x1024.webp 1022w, https:\/\/www.crystalharps.com\/wp-content\/uploads\/2024\/10\/WhatsApp.svg-150x150.webp 150w, https:\/\/www.crystalharps.com\/wp-content\/uploads\/2024\/10\/WhatsApp.svg-768x770.webp 768w, https:\/\/www.crystalharps.com\/wp-content\/uploads\/2024\/10\/WhatsApp.svg-1533x1536.webp 1533w, https:\/\/www.crystalharps.com\/wp-content\/uploads\/2024\/10\/WhatsApp.svg-600x601.webp 600w, https:\/\/www.crystalharps.com\/wp-content\/uploads\/2024\/10\/WhatsApp.svg-100x100.webp 100w, https:\/\/www.crystalharps.com\/wp-content\/uploads\/2024\/10\/WhatsApp.svg.webp 2044w\" sizes=\"(max-width: 20px) 100vw, 20px\" \/><\/a><\/strong> WhatsApp<strong>: +48 517 916 631<br><\/strong><\/p><p>Nous exp\u00e9dions des instruments dans le monde entier par FedEx ou par courrier UPC.<\/p><p>Partenariat&nbsp;:<\/p><p>Si vous souhaitez collaborer avec nous ou proposer nos produits dans votre magasin ou lieu de spectacle, veuillez nous contacter.<\/p><p>partnership@etherealwings.eu<\/p>\t\t\t\t\t\t\t\t<\/div>\n\t\t\t\t<\/div>\n\t\t\t\t<\/div>\n\t\t<div class=\"elementor-element elementor-element-028b7de e-con-full e-flex e-con e-child\" data-id=\"028b7de\" data-element_type=\"container\" data-e-type=\"container\">\n\t\t\t\t<div class=\"elementor-element elementor-element-cb5b2ec elementor-widget__width-inherit elementor-widget elementor-widget-heading\" data-id=\"cb5b2ec\" data-element_type=\"widget\" data-e-type=\"widget\" data-widget_type=\"heading.default\">\n\t\t\t\t<div class=\"elementor-widget-container\">\n\t\t\t\t\t<h2 class=\"elementor-heading-title elementor-size-default\">\u00c9crivez-nous<\/h2>\t\t\t\t<\/div>\n\t\t\t\t<\/div>\n\t\t\t\t<div class=\"elementor-element elementor-element-91a2517 elementor-button-align-stretch elementor-widget elementor-widget-form\" data-id=\"91a2517\" data-element_type=\"widget\" data-e-type=\"widget\" data-settings=\"{&quot;step_next_label&quot;:&quot;Suivant&quot;,&quot;step_previous_label&quot;:&quot;Pr\\u00e9c\\u00e9dent&quot;,&quot;button_width&quot;:&quot;100&quot;,&quot;step_type&quot;:&quot;number_text&quot;,&quot;step_icon_shape&quot;:&quot;circle&quot;}\" data-widget_type=\"form.default\">\n\t\t\t\t<div class=\"elementor-widget-container\">\n\t\t\t\t\t\t\t<form class=\"elementor-form\" method=\"post\" name=\"Nouveau formulaire\" aria-label=\"Nouveau formulaire\">\n\t\t\t<input type=\"hidden\" name=\"post_id\" value=\"1435\"\/>\n\t\t\t<input type=\"hidden\" name=\"form_id\" value=\"91a2517\"\/>\n\t\t\t<input type=\"hidden\" name=\"referer_title\" value=\"Contactez-nous\" \/>\n\n\t\t\t\t\t\t\t<input type=\"hidden\" name=\"queried_id\" value=\"1435\"\/>\n\t\t\t\n\t\t\t<div class=\"elementor-form-fields-wrapper elementor-labels-above\">\n\t\t\t\t\t\t\t\t<div class=\"elementor-field-type-text elementor-field-group elementor-column elementor-field-group-name elementor-col-100 elementor-field-required elementor-mark-required\">\n\t\t\t\t\t\t\t\t\t\t\t\t<label for=\"form-field-name\" class=\"elementor-field-label\">\n\t\t\t\t\t\t\t\tNom\t\t\t\t\t\t\t<\/label>\n\t\t\t\t\t\t\t\t\t\t\t\t\t\t<input size=\"1\" type=\"text\" name=\"form_fields[name]\" id=\"form-field-name\" class=\"elementor-field elementor-size-sm  elementor-field-textual\" required=\"required\">\n\t\t\t\t\t\t\t\t\t\t\t<\/div>\n\t\t\t\t\t\t\t\t<div class=\"elementor-field-type-email elementor-field-group elementor-column elementor-field-group-email elementor-col-100 elementor-field-required elementor-mark-required\">\n\t\t\t\t\t\t\t\t\t\t\t\t<label for=\"form-field-email\" class=\"elementor-field-label\">\n\t\t\t\t\t\t\t\tE-mail\t\t\t\t\t\t\t<\/label>\n\t\t\t\t\t\t\t\t\t\t\t\t\t\t<input size=\"1\" type=\"email\" name=\"form_fields[email]\" id=\"form-field-email\" class=\"elementor-field elementor-size-sm  elementor-field-textual\" required=\"required\">\n\t\t\t\t\t\t\t\t\t\t\t<\/div>\n\t\t\t\t\t\t\t\t<div class=\"elementor-field-type-textarea elementor-field-group elementor-column elementor-field-group-message elementor-col-100 elementor-field-required elementor-mark-required\">\n\t\t\t\t\t\t\t\t\t\t\t\t<label for=\"form-field-message\" class=\"elementor-field-label\">\n\t\t\t\t\t\t\t\tMessage\t\t\t\t\t\t\t<\/label>\n\t\t\t\t\t\t<textarea class=\"elementor-field-textual elementor-field  elementor-size-sm\" name=\"form_fields[message]\" id=\"form-field-message\" rows=\"4\" required=\"required\"><\/textarea>\t\t\t\t<\/div>\n\t\t\t\t\t\t\t\t<div class=\"elementor-field-type-recaptcha_v3 elementor-field-group elementor-column elementor-field-group-field_022d92e elementor-col-100 recaptcha_v3-bottomright\">\n\t\t\t\t\t<div class=\"elementor-field\" id=\"form-field-field_022d92e\"><div class=\"elementor-g-recaptcha\" data-sitekey=\"6Lfbs04qAAAAAP0sEDjAkSYO8Apt97kpxp_5mLt3\" data-type=\"v3\" data-action=\"Form\" data-badge=\"bottomright\" data-size=\"invisible\"><\/div><\/div>\t\t\t\t<\/div>\n\t\t\t\t\t\t\t\t<div class=\"elementor-field-group elementor-column elementor-field-type-submit elementor-col-100 e-form__buttons\">\n\t\t\t\t\t<button class=\"elementor-button elementor-size-sm\" type=\"submit\">\n\t\t\t\t\t\t<span class=\"elementor-button-content-wrapper\">\n\t\t\t\t\t\t\t\t\t\t\t\t\t\t\t\t\t\t\t\t\t\t<span class=\"elementor-button-text\">Envoyer<\/span>\n\t\t\t\t\t\t\t\t\t\t\t\t\t<\/span>\n\t\t\t\t\t<\/button>\n\t\t\t\t<\/div>\n\t\t\t<\/div>\n\t\t<\/form>\n\t\t\t\t\t\t<\/div>\n\t\t\t\t<\/div>\n\t\t\t\t<\/div>\n\t\t\t\t\t<\/div>\n\t\t\t\t<\/div>\n\t\t\t\t<\/div>\n\t\t","protected":false},"excerpt":{"rendered":"<p>Contact Si vous souhaitez en savoir plus sur notre instrument ou si vous avez des questions, n&rsquo;h\u00e9sitez pas \u00e0 nous contacter. E-mail&nbsp;: hi@etherealwings.eu WhatsApp: +48 517 916 631 Nous exp\u00e9dions des instruments dans le monde entier par FedEx ou par courrier UPC. Partenariat&nbsp;: Si vous souhaitez collaborer avec nous ou proposer nos produits dans votre [&hellip;]<\/p>\n","protected":false},"author":1,"featured_media":0,"parent":0,"menu_order":0,"comment_status":"closed","ping_status":"closed","template":"elementor_header_footer","meta":{"footnotes":""},"class_list":["post-1435","page","type-page","status-publish","hentry"],"aioseo_notices":[],"_links":{"self":[{"href":"https:\/\/www.crystalharps.com\/fr\/wp-json\/wp\/v2\/pages\/1435","targetHints":{"allow":["GET"]}}],"collection":[{"href":"https:\/\/www.crystalharps.com\/fr\/wp-json\/wp\/v2\/pages"}],"about":[{"href":"https:\/\/www.crystalharps.com\/fr\/wp-json\/wp\/v2\/types\/page"}],"author":[{"embeddable":true,"href":"https:\/\/www.crystalharps.com\/fr\/wp-json\/wp\/v2\/users\/1"}],"replies":[{"embeddable":true,"href":"https:\/\/www.crystalharps.com\/fr\/wp-json\/wp\/v2\/comments?post=1435"}],"version-history":[{"count":6,"href":"https:\/\/www.crystalharps.com\/fr\/wp-json\/wp\/v2\/pages\/1435\/revisions"}],"predecessor-version":[{"id":5292,"href":"https:\/\/www.crystalharps.com\/fr\/wp-json\/wp\/v2\/pages\/1435\/revisions\/5292"}],"wp:attachment":[{"href":"https:\/\/www.crystalharps.com\/fr\/wp-json\/wp\/v2\/media?parent=1435"}],"curies":[{"name":"wp","href":"https:\/\/api.w.org\/{rel}","templated":true}]}}