{"id":1331,"date":"2024-09-13T11:58:11","date_gmt":"2024-09-13T09:58:11","guid":{"rendered":"https:\/\/www.crystalharps.com\/delivery-copy-copy\/"},"modified":"2026-01-12T15:44:32","modified_gmt":"2026-01-12T14:44:32","slug":"delivery-fr","status":"publish","type":"page","link":"https:\/\/www.crystalharps.com\/fr\/delivery-fr\/","title":{"rendered":"Livraison"},"content":{"rendered":"\t\t<div data-elementor-type=\"wp-page\" data-elementor-id=\"1331\" class=\"elementor elementor-1331 elementor-442\" data-elementor-post-type=\"page\">\n\t\t\t\t<div class=\"elementor-element elementor-element-6a1e92f e-con-full e-flex e-con e-parent\" data-id=\"6a1e92f\" data-element_type=\"container\" data-e-type=\"container\" data-settings=\"{&quot;background_background&quot;:&quot;classic&quot;}\">\n\t\t\t\t<div class=\"elementor-element elementor-element-f7632e4 elementor-widget elementor-widget-heading\" data-id=\"f7632e4\" data-element_type=\"widget\" data-e-type=\"widget\" data-widget_type=\"heading.default\">\n\t\t\t\t<div class=\"elementor-widget-container\">\n\t\t\t\t\t<h2 class=\"elementor-heading-title elementor-size-default\">Livraison<\/h2>\t\t\t\t<\/div>\n\t\t\t\t<\/div>\n\t\t\t\t<\/div>\n\t\t<div class=\"elementor-element elementor-element-501fba5 e-flex e-con-boxed e-con e-parent\" data-id=\"501fba5\" data-element_type=\"container\" data-e-type=\"container\">\n\t\t\t\t\t<div class=\"e-con-inner\">\n\t\t\t\t<div class=\"elementor-element elementor-element-e31a9e4 elementor-widget elementor-widget-text-editor\" data-id=\"e31a9e4\" data-element_type=\"widget\" data-e-type=\"widget\" data-widget_type=\"text-editor.default\">\n\t\t\t\t<div class=\"elementor-widget-container\">\n\t\t\t\t\t\t\t\t\t<p>Nous exp\u00e9dions nos instruments dans le monde entier via les services de messagerie a\u00e9rienne Fedex et UPS.<br>En Europe, nous exp\u00e9dions via DPD et UPS.<\/p><p>Le site web calculera automatiquement le prix du transport apr\u00e8s avoir s\u00e9lectionn\u00e9 le pays de livraison.<\/p><p>Les colis sont emball\u00e9s avec soin et bien s\u00e9curis\u00e9s. Ils sont \u00e9galement assur\u00e9s pour leur valeur totale pendant le transport. Cependant, nous les emballons de mani\u00e8re \u00e0 ne jamais avoir \u00e0 utiliser cette assurance, et notre cher client peut se sentir serein.  <\/p>\t\t\t\t\t\t\t\t<\/div>\n\t\t\t\t<\/div>\n\t\t\t\t\t<\/div>\n\t\t\t\t<\/div>\n\t\t\t\t<\/div>\n\t\t","protected":false},"excerpt":{"rendered":"<p>Livraison Nous exp\u00e9dions nos instruments dans le monde entier via les services de messagerie a\u00e9rienne Fedex et UPS.En Europe, nous exp\u00e9dions via DPD et UPS. Le site web calculera automatiquement le prix du transport apr\u00e8s avoir s\u00e9lectionn\u00e9 le pays de livraison. Les colis sont emball\u00e9s avec soin et bien s\u00e9curis\u00e9s. Ils sont \u00e9galement assur\u00e9s pour [&hellip;]<\/p>\n","protected":false},"author":1,"featured_media":0,"parent":0,"menu_order":0,"comment_status":"closed","ping_status":"closed","template":"","meta":{"footnotes":""},"class_list":["post-1331","page","type-page","status-publish","hentry"],"aioseo_notices":[],"_links":{"self":[{"href":"https:\/\/www.crystalharps.com\/fr\/wp-json\/wp\/v2\/pages\/1331","targetHints":{"allow":["GET"]}}],"collection":[{"href":"https:\/\/www.crystalharps.com\/fr\/wp-json\/wp\/v2\/pages"}],"about":[{"href":"https:\/\/www.crystalharps.com\/fr\/wp-json\/wp\/v2\/types\/page"}],"author":[{"embeddable":true,"href":"https:\/\/www.crystalharps.com\/fr\/wp-json\/wp\/v2\/users\/1"}],"replies":[{"embeddable":true,"href":"https:\/\/www.crystalharps.com\/fr\/wp-json\/wp\/v2\/comments?post=1331"}],"version-history":[{"count":6,"href":"https:\/\/www.crystalharps.com\/fr\/wp-json\/wp\/v2\/pages\/1331\/revisions"}],"predecessor-version":[{"id":5369,"href":"https:\/\/www.crystalharps.com\/fr\/wp-json\/wp\/v2\/pages\/1331\/revisions\/5369"}],"wp:attachment":[{"href":"https:\/\/www.crystalharps.com\/fr\/wp-json\/wp\/v2\/media?parent=1331"}],"curies":[{"name":"wp","href":"https:\/\/api.w.org\/{rel}","templated":true}]}}