{"id":5483,"date":"2024-09-13T11:21:43","date_gmt":"2024-09-13T09:21:43","guid":{"rendered":"https:\/\/www.crystalharps.com\/product\/earth-om-do-si4\/"},"modified":"2024-09-13T11:21:43","modified_gmt":"2024-09-13T09:21:43","slug":"earth-om-do-si4","status":"publish","type":"product","link":"https:\/\/www.crystalharps.com\/es\/producto\/earth-om-do-si4\/","title":{"rendered":"Earth Om Do# + Si4"},"content":{"rendered":"<p>El arpa de cristal es un instrumento hermoso y de sonido armonioso.<\/p>\n<p>Tocarla es como sostener un conjunto de cuencos de cristal en la mano.<\/p>\n<p>El arpa emite vibraciones profundas, fuertes y armoniosas. Los sonidos persisten mucho despu\u00e9s de que se toca un tono dado, modul\u00e1ndose entre s\u00ed. Esto hay que escucharlo porque es dif\u00edcil describir su melod\u00eda espec\u00edfica.  <\/p>\n<p>&nbsp;<\/p>\n<p>El arpa <b>~Earth Om Do# + Si4~<\/b> consta de 9 tubos de cuarzo afinados en las siguientes notas:<\/p>\n<p><em><strong>Si4, 5Do# 5Mi 5Fa# 5Sol# 5La 5Si 6Do# 6Mi<\/strong><\/em> con una precisi\u00f3n de afinaci\u00f3n extremadamente exacta de hasta 0,1 Hz.<\/p>\n<p>Escala <span class=\"HwtZe\" lang=\"en\"><span class=\"jCAhz ChMk0b\"><span class=\"ryNqvb\">a elegir<\/span><\/span><\/span>: <strong>natural a=432Hz <\/strong>o<strong> cl\u00e1sica a=432<\/strong><\/p>\n<p>&nbsp;<\/p>\n<p><strong>Acerca de la tonalidad musical del arpa:<\/strong><\/p>\n<p>Es una escala de conexi\u00f3n a tierra, que contacta con la presencia y el sentimiento interior, que a menudo queda oscurecido por nuestra mente. Earth OM es caminar conscientemente sobre la tierra con el coraz\u00f3n abierto. <\/p>\n<p>&nbsp;<\/p>\n<p><strong>Estado de \u00e1nimo:<\/strong> Armon\u00eda, presencia clara, evoca el contacto con el ser superior, viendo la perfecci\u00f3n del momento presente.<\/p>\n<p>El prop\u00f3sito principal de esta afinaci\u00f3n es: Conexi\u00f3n a tierra, recordar la perfecci\u00f3n y la belleza del momento.<\/p>\n<p>&nbsp;<\/p>\n<p>Las frecuencias de esta arpa tambi\u00e9n afectan al aumento de la energ\u00eda vital en el cuerpo. Despu\u00e9s de una sesi\u00f3n de sonido y vibraci\u00f3n de este tipo, puede sentir que sus bater\u00edas se han recargado. <\/p>\n<p>&nbsp;<\/p>\n<p>Los tubos est\u00e1n hechos de cristal de cuarzo con una pureza del 99,8 %. Por esta raz\u00f3n, conserva la calidad ac\u00fastica de los cuencos de cristal, pero suena de una forma completamente nueva. <\/p>\n<p>&nbsp;<\/p>\n<p>La longitud del arpa es de 54 cm, su anchura es de 55 cm y el peso del instrumento en s\u00ed es de aprox. 1,2 kg. <\/p>\n<p>&nbsp;<\/p>\n<p>El arpa ~Earth Om Do# + Si4~ es completamente transparente. El cuerpo est\u00e1 hecho de acr\u00edlico, y todos los elementos adicionales permiten que la luz pase a trav\u00e9s, lo que la hace sentir m\u00e1s et\u00e9rea. <\/p>\n<p>&nbsp;<\/p>\n<p>El arpa se puede sujetar con la mano utilizando el asa central o colocarla en un soporte.<\/p>\n<p>Se puede tocar de varias maneras: golpeando con las mazas o, lo que es m\u00e1s agradable, con los dedos (golpeando ligeramente con las u\u00f1as). Tambi\u00e9n se puede obtener un efecto ac\u00fastico completamente diferente frotando los tubos con las manos humedecidas con agua. <\/p>\n<p>Al mover el arpa lateralmente mientras se toca, su sonido experimenta modulaciones adicionales.<\/p>\n<p>&nbsp;<\/p>\n<p><strong>El conjunto incluye:<\/strong><\/p>\n<p>\u2013 Arpa de cristal ~ Earth Om Do# + Si4<\/p>\n<p>\u2013 Juego de mazas<\/p>\n<p>\u2013 Soporte plegable (para colocar el arpa)<\/p>\n<p>\u2013 Un folleto con instrucciones en 5 idiomas (ingl\u00e9s, polaco, alem\u00e1n, espa\u00f1ol, franc\u00e9s) y una declaraci\u00f3n de calidad del producto con un n\u00famero de serie<\/p>\n<p>\u2013 Mochila r\u00edgida reforzada con material ABS resistente y ligero y forrada con terciopelo impermeable en el interior (para transportar el instrumento en la espalda o con una correa para el hombro).<\/p>\n","protected":false},"excerpt":{"rendered":"<p>Esta tonalidad de conexi\u00f3n a tierra ayuda a encontrar el equilibrio entre el Cielo y la Tierra. La escala nos armoniza con la naturaleza circundante. Apoya varios procesos de curaci\u00f3n sonora.  <\/p>\n<p><strong>Estado de \u00e1nimo:<\/strong> Profundidad, Conexi\u00f3n a tierra, Presencia, Procesos de curaci\u00f3n<\/p>\n<p><strong>Tonos:<\/strong> <em>Si4, 5Do# 5Mi 5Fa# 5Sol# 5La 5Si 6Do# 6Mi<\/em><\/p>\n","protected":false},"featured_media":5495,"comment_status":"open","ping_status":"closed","template":"","meta":[],"product_brand":[],"product_cat":[164],"product_tag":[],"class_list":{"0":"post-5483","1":"product","2":"type-product","3":"status-publish","4":"has-post-thumbnail","6":"product_cat-arpas-de-cristal-medianas","8":"first","9":"instock","10":"taxable","11":"shipping-taxable","12":"purchasable","13":"product-type-variable"},"aioseo_notices":[],"_links":{"self":[{"href":"https:\/\/www.crystalharps.com\/es\/wp-json\/wp\/v2\/product\/5483","targetHints":{"allow":["GET"]}}],"collection":[{"href":"https:\/\/www.crystalharps.com\/es\/wp-json\/wp\/v2\/product"}],"about":[{"href":"https:\/\/www.crystalharps.com\/es\/wp-json\/wp\/v2\/types\/product"}],"replies":[{"embeddable":true,"href":"https:\/\/www.crystalharps.com\/es\/wp-json\/wp\/v2\/comments?post=5483"}],"version-history":[{"count":0,"href":"https:\/\/www.crystalharps.com\/es\/wp-json\/wp\/v2\/product\/5483\/revisions"}],"wp:featuredmedia":[{"embeddable":true,"href":"https:\/\/www.crystalharps.com\/es\/wp-json\/wp\/v2\/media\/5495"}],"wp:attachment":[{"href":"https:\/\/www.crystalharps.com\/es\/wp-json\/wp\/v2\/media?parent=5483"}],"wp:term":[{"taxonomy":"product_brand","embeddable":true,"href":"https:\/\/www.crystalharps.com\/es\/wp-json\/wp\/v2\/product_brand?post=5483"},{"taxonomy":"product_cat","embeddable":true,"href":"https:\/\/www.crystalharps.com\/es\/wp-json\/wp\/v2\/product_cat?post=5483"},{"taxonomy":"product_tag","embeddable":true,"href":"https:\/\/www.crystalharps.com\/es\/wp-json\/wp\/v2\/product_tag?post=5483"}],"curies":[{"name":"wp","href":"https:\/\/api.w.org\/{rel}","templated":true}]}}