{"id":5480,"date":"2024-09-13T11:20:02","date_gmt":"2024-09-13T09:20:02","guid":{"rendered":"https:\/\/www.crystalharps.com\/product\/gran-c-etereal\/"},"modified":"2024-09-13T11:20:02","modified_gmt":"2024-09-13T09:20:02","slug":"gran-c-etereal","status":"publish","type":"product","link":"https:\/\/www.crystalharps.com\/es\/producto\/gran-c-etereal\/","title":{"rendered":"Gran C Etereal"},"content":{"rendered":"<p><strong>Gran C Etereal: es una arpa de cristal grande de 2 octavas.<\/strong><br \/>\nContiene vibraciones tanto bajas y profundas como altas y et\u00e9reas que penetran armoniosamente en el entorno y en los seres que lo rodean.<br \/>\nSu mitad inferior de tonos suena mucho m\u00e1s baja que la cl\u00e1sica arpa de cristal de 9 notas, que opera principalmente en la 5\u00aa y 6\u00aa octavas.<br \/>\nEst\u00e1 equipada con 15 tonos que van desde la 4\u00aa (Do4) hasta la 6\u00aa (Do6) octava. Combina perfectamente con cuencos de cristal afinados a chakras a 432 Hz o 440 Hz. <\/p>\n<p>El arpa de cristal es un instrumento de sonido hermoso y armonioso.<br \/>\nVibraciones profundas, resonantes y, al mismo tiempo, armoniosas emanan del arpa.<br \/>\nLos sonidos persisten mucho despu\u00e9s de que se toca un tono dado, modul\u00e1ndose entre s\u00ed.<\/p>\n<p>Para sentirlo plenamente, hay que escucharlo en directo. Tambi\u00e9n vale la pena ver v\u00eddeos con su sonido. <\/p>\n<p>Este instrumento es completamente transparente. El cuerpo est\u00e1 hecho de acr\u00edlico y todos los elementos adicionales permiten que la luz pase a trav\u00e9s, lo que lo hace m\u00e1s et\u00e9reo. Los 15 tubos de melod\u00eda est\u00e1n hechos de cristal de cuarzo puro.  <\/p>\n<p><strong>Su estado de \u00e1nimo es:<\/strong> ligereza, libertad, equilibrio, eleva r\u00e1pidamente las vibraciones.<\/p>\n<p><strong>Objetivo principal:<\/strong> Introducir armon\u00eda (en todos los niveles).<\/p>\n<p><strong>El instrumento viene con:<\/strong><br \/>\n\u2013 Maleta r\u00edgida con forro interior de terciopelo turquesa.<br \/>\n\u2013 Dos mazos para tocar<br \/>\n\u2013 Folleto en varios idiomas (incluido el polaco) y declaraci\u00f3n de calidad.<br \/>\n\u2013 Toallita para limpiar y secar despu\u00e9s de jugar con agua. <\/p>\n<p><strong>Par\u00e1metros:<\/strong><br \/>\nAfinaci\u00f3n: Natural predeterminada (la=432 Hz)<br \/>\nBajo pedido, tambi\u00e9n podemos afinar cl\u00e1sicamente (la=440 Hz)<\/p>\n<p><strong>Tonos:<\/strong> Do6, Si5, La5, Sol5, Fa5, Mi5, Re5, Do5, Si4, La4, Sol4, Fa4, Mi4, Re4, Do4 con una precisi\u00f3n de afinaci\u00f3n declarada de hasta +\/- 0,1 Hz.<\/p>\n<p><strong>La pureza declarada del cristal de cuarzo es:<\/strong> 99,8 %<\/p>\n<p>Fabricado con precisi\u00f3n hasta el m\u00e1s m\u00ednimo detalle.<\/p>\n<p><strong>Sus dimensiones son:<\/strong><br \/>\nLongitud: 79 cm (31 pulgadas)<br \/>\nAncho: 75,5 cm (21,3 pulgadas)<\/p>\n<p>El tama\u00f1o de la maleta es: 90 x 90 x 15 cm (35,4 x 35,4 x 5,9 pulgadas)<\/p>\n<p>Cada instrumento tiene su propio n\u00famero de serie individual marcado en la declaraci\u00f3n adjunta.<\/p>\n<p><strong>Tocar el arpa:<\/strong><br \/>\nEl arpa se puede sujetar con la mano utilizando el asa central. A pesar de su gran tama\u00f1o, es bastante ligera.<br \/>\nSe puede tocar de varias maneras: golpeando con palos o, m\u00e1s agradablemente, con los dedos (golpecitos ligeros con las u\u00f1as). Se puede lograr un efecto ac\u00fastico completamente diferente frotando los tubos con las manos mojadas.<br \/>\nAl balancear el arpa de un lado a otro mientras se toca, se introduce una modulaci\u00f3n adicional a los sonidos.  <\/p>\n","protected":false},"excerpt":{"rendered":"<p><strong>\u2013 es una arpa de cristal grande de 2 octavas.<\/strong><\/p>\n<p>Contiene vibraciones tanto bajas y profundas como altas y et\u00e9reas que penetran armoniosamente en el entorno y en los seres que lo rodean.<\/p>\n<p><strong>Su estado de \u00e1nimo es:<\/strong> ligereza, libertad, equilibrio, eleva r\u00e1pidamente las vibraciones.<\/p>\n<p><strong>Objetivo principal:<\/strong> Introducir armon\u00eda (en todos los niveles).<\/p>\n<p><strong><span class=\"HwtZe\" lang=\"en\"><span class=\"jCAhz ChMk0b\"><span class=\"ryNqvb\">15 tonos de Do4 a Do6<\/span><\/span><\/span><\/strong><\/p>\n","protected":false},"featured_media":5050,"comment_status":"open","ping_status":"closed","template":"","meta":[],"product_brand":[],"product_cat":[165],"product_tag":[],"class_list":{"0":"post-5480","1":"product","2":"type-product","3":"status-publish","4":"has-post-thumbnail","6":"product_cat-arpas-de-cristal-grandes","8":"first","9":"instock","10":"taxable","11":"shipping-taxable","12":"purchasable","13":"product-type-variable"},"aioseo_notices":[],"_links":{"self":[{"href":"https:\/\/www.crystalharps.com\/es\/wp-json\/wp\/v2\/product\/5480","targetHints":{"allow":["GET"]}}],"collection":[{"href":"https:\/\/www.crystalharps.com\/es\/wp-json\/wp\/v2\/product"}],"about":[{"href":"https:\/\/www.crystalharps.com\/es\/wp-json\/wp\/v2\/types\/product"}],"replies":[{"embeddable":true,"href":"https:\/\/www.crystalharps.com\/es\/wp-json\/wp\/v2\/comments?post=5480"}],"version-history":[{"count":0,"href":"https:\/\/www.crystalharps.com\/es\/wp-json\/wp\/v2\/product\/5480\/revisions"}],"wp:featuredmedia":[{"embeddable":true,"href":"https:\/\/www.crystalharps.com\/es\/wp-json\/wp\/v2\/media\/5050"}],"wp:attachment":[{"href":"https:\/\/www.crystalharps.com\/es\/wp-json\/wp\/v2\/media?parent=5480"}],"wp:term":[{"taxonomy":"product_brand","embeddable":true,"href":"https:\/\/www.crystalharps.com\/es\/wp-json\/wp\/v2\/product_brand?post=5480"},{"taxonomy":"product_cat","embeddable":true,"href":"https:\/\/www.crystalharps.com\/es\/wp-json\/wp\/v2\/product_cat?post=5480"},{"taxonomy":"product_tag","embeddable":true,"href":"https:\/\/www.crystalharps.com\/es\/wp-json\/wp\/v2\/product_tag?post=5480"}],"curies":[{"name":"wp","href":"https:\/\/api.w.org\/{rel}","templated":true}]}}