{"id":5455,"date":"2024-10-20T19:11:37","date_gmt":"2024-10-20T17:11:37","guid":{"rendered":"https:\/\/www.crystalharps.com\/product\/bioluminiscente-a\/"},"modified":"2024-10-20T19:11:37","modified_gmt":"2024-10-20T17:11:37","slug":"bioluminiscente-a","status":"publish","type":"product","link":"https:\/\/www.crystalharps.com\/es\/producto\/bioluminiscente-a\/","title":{"rendered":"Bioluminiscente A"},"content":{"rendered":"<p>El arpa de cristal es un instrumento hermoso y de sonido armonioso.<\/p>\n<p>Tocarla es como sostener un conjunto de cuencos de cristal en la mano.<\/p>\n<p>El arpa emite vibraciones profundas, fuertes y armoniosas. Los sonidos persisten mucho despu\u00e9s de que se toca un tono dado, modul\u00e1ndose entre s\u00ed. Esto hay que escucharlo porque es dif\u00edcil describir su melod\u00eda espec\u00edfica.  <\/p>\n<p>&nbsp;<\/p>\n<p>El arpa <b>~Bioluminiscente A~<\/b> consta de 9 tubos de cuarzo afinados en las siguientes tonalidades:<\/p>\n<p><strong>A4, C5, D5, F5, G5, A5, C5, D6, F6<\/strong> con una precisi\u00f3n de afinaci\u00f3n extremadamente exacta de hasta 0,1 Hz.<\/p>\n<p>Escala <span class=\"HwtZe\" lang=\"en\"><span class=\"jCAhz ChMk0b\"><span class=\"ryNqvb\">a elegir<\/span><\/span><\/span>: <strong>natural a=432Hz <\/strong>o<strong> cl\u00e1sica a=432<br \/>\n<\/strong><\/p>\n<p>&nbsp;<\/p>\n<p><strong>Acerca de la tonalidad musical del arpa:<\/strong><\/p>\n<p><span class=\"HwtZe\" lang=\"en\"><span class=\"jCAhz ChMk0b\"><span class=\"ryNqvb\">Bioluminiscente A es una escala muy ligera y alegre.<\/span><\/span> <span class=\"jCAhz ChMk0b\"><span class=\"ryNqvb\">Aporta mucha luz y eleva r\u00e1pidamente la vibraci\u00f3n de los seres que la sienten.<\/span><\/span> <span class=\"jCAhz ChMk0b\"><span class=\"ryNqvb\">Se puede sentir como unas cosquillas dichosas o una brisa alegre.<\/span><\/span> <span class=\"jCAhz ChMk0b\"><span class=\"ryNqvb\">Alivia r\u00e1pidamente el estr\u00e9s y dirige la vibraci\u00f3n de la felicidad.<\/span><\/span><\/span><\/p>\n<p>&nbsp;<\/p>\n<p><strong>Estado de \u00e1nimo:<\/strong> alegr\u00eda, felicidad, serenidad, et\u00e9reo, on\u00edrico.<\/p>\n<p>&nbsp;<\/p>\n<p>Las frecuencias de esta arpa centran la atenci\u00f3n en la exploraci\u00f3n de la profundidad humana y llaman a la reconexi\u00f3n con la naturaleza que nos rodea.<\/p>\n<p>Tambi\u00e9n es una buena tonalidad para cantar y tocar con muchos instrumentos.<\/p>\n<p>&nbsp;<\/p>\n<p>Los tubos est\u00e1n hechos de cristal de cuarzo con una pureza del 99,8 %. Por esta raz\u00f3n, conserva la calidad ac\u00fastica de los cuencos de cristal, pero suena de una forma completamente nueva. <\/p>\n<p>&nbsp;<\/p>\n<p>La longitud del arpa es de 54 cm, su anchura es de 55 cm y el peso del instrumento en s\u00ed es de aprox. 1,2 kg. <\/p>\n<p>&nbsp;<\/p>\n<p>El arpa ~<b>Bioluminiscente A<\/b>~ es completamente transparente. El cuerpo est\u00e1 hecho de acr\u00edlico, y todos los elementos adicionales permiten que la luz pase a trav\u00e9s, lo que la hace sentir m\u00e1s et\u00e9rea. <\/p>\n<p>&nbsp;<\/p>\n<p>El arpa se puede sujetar con la mano utilizando el asa central o colocarla en un soporte.<\/p>\n<p>Se puede tocar de varias maneras: golpeando con las mazas o, lo que es m\u00e1s agradable, con los dedos (golpeando ligeramente con las u\u00f1as). Tambi\u00e9n se puede obtener un efecto ac\u00fastico completamente diferente frotando los tubos con las manos humedecidas con agua. <\/p>\n<p>Al mover el arpa lateralmente mientras se toca, su sonido experimenta modulaciones adicionales.<\/p>\n<p>&nbsp;<\/p>\n<p><strong>El conjunto incluye:<\/strong><\/p>\n<p>\u2013 Arpa de cristal ~ Bioluminiscente A<\/p>\n<p>\u2013 Juego de mazas<\/p>\n<p>\u2013 Soporte plegable (para colocar el arpa)<\/p>\n<p>\u2013 Un folleto con instrucciones en 5 idiomas (ingl\u00e9s, polaco, alem\u00e1n, espa\u00f1ol, franc\u00e9s) y una declaraci\u00f3n de calidad del producto con un n\u00famero de serie<\/p>\n<p>\u2013 Mochila r\u00edgida reforzada con material ABS resistente y ligero y forrada con terciopelo impermeable en el interior (para transportar el instrumento en la espalda o con una correa para el hombro).<\/p>\n<p>&nbsp;<\/p>\n<p>&nbsp;<\/p>\n<p>V\u00eddeo:<\/p>\n<p><iframe title=\"Bioluminescent A, 432 ~ plays with wet hands ~ Crystal Harp\" width=\"800\" height=\"450\" src=\"https:\/\/www.youtube.com\/embed\/01U8RSgEYlA?feature=oembed\" frameborder=\"0\" allow=\"accelerometer; autoplay; clipboard-write; encrypted-media; gyroscope; picture-in-picture; web-share\" referrerpolicy=\"strict-origin-when-cross-origin\" allowfullscreen><\/iframe><\/p>\n","protected":false},"excerpt":{"rendered":"<p>El arpa <b>~Bioluminiscente A~<\/b> consta de 9 tubos de cuarzo afinados en las siguientes tonalidades:<\/p>\n<p><strong>A4, C5, D5, F5, G5, A5, C5, D6, F6<\/strong> con una precisi\u00f3n de afinaci\u00f3n extremadamente exacta de hasta 0,1 Hz.<\/p>\n<p>Escala <span class=\"HwtZe\" lang=\"en\"><span class=\"jCAhz ChMk0b\"><span class=\"ryNqvb\">a elegir<\/span><\/span><\/span>: <strong>natural a=432Hz <\/strong>o<strong> cl\u00e1sica a=432<\/strong><\/p>\n<p>&nbsp;<\/p>\n<p><strong>Acerca de la tonalidad musical del arpa:<\/strong><\/p>\n<p><span class=\"HwtZe\" lang=\"en\"><span class=\"jCAhz ChMk0b\"><span class=\"ryNqvb\">Bioluminiscente A es una escala muy ligera y alegre.<\/span><\/span> <span class=\"jCAhz ChMk0b\"><span class=\"ryNqvb\">Aporta mucha luz y eleva r\u00e1pidamente la vibraci\u00f3n de los seres que la sienten.<\/span><\/span> <span class=\"jCAhz ChMk0b\"><span class=\"ryNqvb\">Se puede sentir como unas cosquillas dichosas o una brisa alegre.<\/span><\/span> <span class=\"jCAhz ChMk0b\"><span class=\"ryNqvb\">Alivia r\u00e1pidamente el estr\u00e9s y dirige la vibraci\u00f3n de la felicidad.<\/span><\/span><\/span><\/p>\n<p>&nbsp;<\/p>\n<p><strong>Estado de \u00e1nimo:<\/strong> alegr\u00eda, felicidad, serenidad, et\u00e9reo, on\u00edrico.<\/p>\n","protected":false},"featured_media":5456,"comment_status":"open","ping_status":"closed","template":"","meta":[],"product_brand":[],"product_cat":[164],"product_tag":[],"class_list":{"0":"post-5455","1":"product","2":"type-product","3":"status-publish","4":"has-post-thumbnail","6":"product_cat-arpas-de-cristal-medianas","8":"first","9":"instock","10":"taxable","11":"shipping-taxable","12":"purchasable","13":"product-type-variable"},"aioseo_notices":[],"_links":{"self":[{"href":"https:\/\/www.crystalharps.com\/es\/wp-json\/wp\/v2\/product\/5455","targetHints":{"allow":["GET"]}}],"collection":[{"href":"https:\/\/www.crystalharps.com\/es\/wp-json\/wp\/v2\/product"}],"about":[{"href":"https:\/\/www.crystalharps.com\/es\/wp-json\/wp\/v2\/types\/product"}],"replies":[{"embeddable":true,"href":"https:\/\/www.crystalharps.com\/es\/wp-json\/wp\/v2\/comments?post=5455"}],"version-history":[{"count":0,"href":"https:\/\/www.crystalharps.com\/es\/wp-json\/wp\/v2\/product\/5455\/revisions"}],"wp:featuredmedia":[{"embeddable":true,"href":"https:\/\/www.crystalharps.com\/es\/wp-json\/wp\/v2\/media\/5456"}],"wp:attachment":[{"href":"https:\/\/www.crystalharps.com\/es\/wp-json\/wp\/v2\/media?parent=5455"}],"wp:term":[{"taxonomy":"product_brand","embeddable":true,"href":"https:\/\/www.crystalharps.com\/es\/wp-json\/wp\/v2\/product_brand?post=5455"},{"taxonomy":"product_cat","embeddable":true,"href":"https:\/\/www.crystalharps.com\/es\/wp-json\/wp\/v2\/product_cat?post=5455"},{"taxonomy":"product_tag","embeddable":true,"href":"https:\/\/www.crystalharps.com\/es\/wp-json\/wp\/v2\/product_tag?post=5455"}],"curies":[{"name":"wp","href":"https:\/\/api.w.org\/{rel}","templated":true}]}}