{"id":5446,"date":"2024-09-13T11:25:22","date_gmt":"2024-09-13T09:25:22","guid":{"rendered":"https:\/\/www.crystalharps.com\/product\/sol-celestial-a\/"},"modified":"2024-09-13T11:25:22","modified_gmt":"2024-09-13T09:25:22","slug":"sol-celestial-a","status":"publish","type":"product","link":"https:\/\/www.crystalharps.com\/es\/producto\/sol-celestial-a\/","title":{"rendered":"Sol Celestial A"},"content":{"rendered":"<p>El arpa de cristal es un instrumento hermoso y de sonido armonioso.<\/p>\n<p>Tocarla es como sostener un juego de cuencos de cristal en la mano.<\/p>\n<p>El arpa emite vibraciones profundas, sonoras y armoniosas. Los sonidos persisten mucho despu\u00e9s de que se toca un tono dado, modul\u00e1ndose entre s\u00ed. Esto hay que escucharlo, porque es dif\u00edcil describir su melod\u00eda espec\u00edfica.  <\/p>\n<p>&nbsp;<\/p>\n<p>El arpa <b>~Sol Celestial A~<\/b> consta de 9 tubos de cuarzo afinados en las siguientes tonalidades:<\/p>\n<p><em><strong>A4 \u2013 B4 \u2013 C#5 \u2013 D5 \u2013 E5 \u2013 F#5 \u2013 A5 \u2013 B5 \u2013 C#6<\/strong><\/em> con una precisi\u00f3n de afinaci\u00f3n extremadamente exacta de hasta 0,1 Hz.<\/p>\n<p>Escala <span class=\"HwtZe\" lang=\"en\"><span class=\"jCAhz ChMk0b\"><span class=\"ryNqvb\">a elegir<\/span><\/span><\/span>: <strong>natural a=432 Hz<\/strong> o <strong>cl\u00e1sica a=432<\/strong><\/p>\n<p>&nbsp;<\/p>\n<p><strong>Acerca de la tonalidad musical del arpa:<\/strong><\/p>\n<p>Se considera el arpa m\u00e1s brillante. Suena como si vibrara mitad terrenal (Terrestre) y mitad celestial. <\/p>\n<p>Es una afinaci\u00f3n mayor alegre, cuyas frecuencias se centran en la alegr\u00eda, la despreocupaci\u00f3n y la b\u00fasqueda de una sensaci\u00f3n de felicidad en su interior.<\/p>\n<p>&nbsp;<\/p>\n<p><strong>Estado de \u00e1nimo:<\/strong> Soleado, alegre, ligereza agradable, de ensue\u00f1o.<\/p>\n<p>&nbsp;<\/p>\n<p>Las frecuencias de esta arpa tambi\u00e9n afectan al aumento de la energ\u00eda vital en el cuerpo. Despu\u00e9s de una sesi\u00f3n de sonido y vibraci\u00f3n de este tipo, puede sentir que sus bater\u00edas se han recargado. <\/p>\n<p>Los tubos est\u00e1n hechos de cristal de cuarzo con una pureza del 99,8 %. Por esta raz\u00f3n, conserva la calidad ac\u00fastica de los cuencos de cristal, pero suena de una forma completamente nueva. <\/p>\n<p>&nbsp;<\/p>\n<p>La longitud del arpa es de 54 cm, su anchura es de 55 cm y el peso del instrumento en s\u00ed es de aprox. 1,2 kg. <\/p>\n<p>&nbsp;<\/p>\n<p>El arpa ~Sol Celestial A~ es completamente transparente. El cuerpo est\u00e1 hecho de acr\u00edlico, y todos los elementos adicionales permiten el paso de la luz, lo que la hace sentir m\u00e1s et\u00e9rea. <\/p>\n<p>&nbsp;<\/p>\n<p>El arpa se puede sujetar con la mano utilizando el asa central o colocarla en un soporte.<\/p>\n<p>Se puede tocar de varias maneras: golpeando con las mazas o, lo que es m\u00e1s agradable, con los dedos (golpeando ligeramente con las u\u00f1as). Tambi\u00e9n se puede obtener un efecto ac\u00fastico completamente diferente frotando los tubos con las manos humedecidas con agua. <\/p>\n<p>Al mover el arpa lateralmente mientras se toca, su sonido experimenta modulaciones adicionales.<\/p>\n<p>&nbsp;<\/p>\n<p><strong>El conjunto incluye:<\/strong><\/p>\n<p>\u2013 Arpa de cristal ~ Sol Celestial A<\/p>\n<p>\u2013 Juego de mazas<\/p>\n<p>\u2013 Soporte plegable (para colocar el arpa)<\/p>\n<p>\u2013 Un folleto con instrucciones en 5 idiomas (ingl\u00e9s, polaco, alem\u00e1n, espa\u00f1ol, franc\u00e9s) y una declaraci\u00f3n de calidad del producto con un n\u00famero de serie<\/p>\n<p>\u2013 Mochila r\u00edgida reforzada con material ABS resistente y ligero y forrada con terciopelo impermeable en el interior (para transportar el instrumento en la espalda o con una correa para el hombro).<\/p>\n","protected":false},"excerpt":{"rendered":"<p>Esta tonalidad brillante y alegre se asocia con la energ\u00eda espont\u00e1nea. Comienza con el tono \u201cA\u201d en la 4\u00aa octava, que est\u00e1 ligado a la energ\u00eda de la creaci\u00f3n. <\/p>\n<p><strong>Estado de \u00e1nimo:<\/strong> Brillo, Ligereza, Alegr\u00eda, Espontaneidad<\/p>\n<p><strong>Tonos:<\/strong> A4, B4, C#5, D5, E5, F#5, A5, B5, C#6<\/p>\n","protected":false},"featured_media":5451,"comment_status":"open","ping_status":"closed","template":"","meta":[],"product_brand":[],"product_cat":[164],"product_tag":[],"class_list":{"0":"post-5446","1":"product","2":"type-product","3":"status-publish","4":"has-post-thumbnail","6":"product_cat-arpas-de-cristal-medianas","7":"product_shipping_class-medium","9":"first","10":"instock","11":"taxable","12":"shipping-taxable","13":"purchasable","14":"product-type-variable"},"aioseo_notices":[],"_links":{"self":[{"href":"https:\/\/www.crystalharps.com\/es\/wp-json\/wp\/v2\/product\/5446","targetHints":{"allow":["GET"]}}],"collection":[{"href":"https:\/\/www.crystalharps.com\/es\/wp-json\/wp\/v2\/product"}],"about":[{"href":"https:\/\/www.crystalharps.com\/es\/wp-json\/wp\/v2\/types\/product"}],"replies":[{"embeddable":true,"href":"https:\/\/www.crystalharps.com\/es\/wp-json\/wp\/v2\/comments?post=5446"}],"version-history":[{"count":0,"href":"https:\/\/www.crystalharps.com\/es\/wp-json\/wp\/v2\/product\/5446\/revisions"}],"wp:featuredmedia":[{"embeddable":true,"href":"https:\/\/www.crystalharps.com\/es\/wp-json\/wp\/v2\/media\/5451"}],"wp:attachment":[{"href":"https:\/\/www.crystalharps.com\/es\/wp-json\/wp\/v2\/media?parent=5446"}],"wp:term":[{"taxonomy":"product_brand","embeddable":true,"href":"https:\/\/www.crystalharps.com\/es\/wp-json\/wp\/v2\/product_brand?post=5446"},{"taxonomy":"product_cat","embeddable":true,"href":"https:\/\/www.crystalharps.com\/es\/wp-json\/wp\/v2\/product_cat?post=5446"},{"taxonomy":"product_tag","embeddable":true,"href":"https:\/\/www.crystalharps.com\/es\/wp-json\/wp\/v2\/product_tag?post=5446"}],"curies":[{"name":"wp","href":"https:\/\/api.w.org\/{rel}","templated":true}]}}