{"id":5427,"date":"2025-08-04T15:02:08","date_gmt":"2025-08-04T13:02:08","guid":{"rendered":"https:\/\/www.crystalharps.com\/product\/crystal-monocurati-solfeggio-1111-hz-frecuencia-de-portal-y-manifestacion\/"},"modified":"2025-08-04T15:02:08","modified_gmt":"2025-08-04T13:02:08","slug":"crystal-monocurati-solfeggio-1111-hz-frecuencia-de-portal-y-manifestacion","status":"publish","type":"product","link":"https:\/\/www.crystalharps.com\/es\/producto\/crystal-monocurati-solfeggio-1111-hz-frecuencia-de-portal-y-manifestacion\/","title":{"rendered":"Crystal Monocurati Solfeggio ~ 1111 Hz ~ Frecuencia de Portal y Manifestaci\u00f3n"},"content":{"rendered":"<p>Solfeggio es una antigua escala musical utilizada, entre otros, en la iglesia gregoriana medieval, que tiene ra\u00edces mucho m\u00e1s antiguas, y quiz\u00e1s incluso muy antiguas. Era conocida por causar experiencias m\u00edsticas en las personas, lo que m\u00e1s tarde llev\u00f3 a su eliminaci\u00f3n de la iglesia durante muchos siglos.  <strong>La escala Solfeggio es un conjunto de frecuencias espec\u00edficas que tienen una fuerte influencia en el ser humano.<\/strong> En sus aspectos f\u00edsico y mental. Estas frecuencias tambi\u00e9n se encontraron en las entonaciones de mantras y meditaciones antiguas, cuyo prop\u00f3sito era restaurar el equilibrio y la armon\u00eda en el hombre. <\/p>\n<p><strong>El ser humano es muy sensible a las vibraciones, y esto se debe a que estamos compuestos por aproximadamente un 70 % de agua<\/strong>, que absorbe f\u00e1cilmente las vibraciones que fluyen a trav\u00e9s de ella, que pueden ser destructivas para nosotros (como el ruido, es decir, vibraciones fuertes y desordenadas) o constructivas (como ondas coherentes y vibraciones de patrones).<br \/>\n Por eso es conocido por sus efectos beneficiosos y se ha utilizado con \u00e9xito en la musicoterapia, y cada frecuencia apoya un proceso beneficioso diferente en el receptor. Para obtener el mejor efecto, sugerimos que durante una sesi\u00f3n con frecuencias de solfeggio, tenga la oportunidad de estar completamente tranquilo y abierto a una actitud plena y presente de estar en este proceso. <\/p>\n<p><strong>Estas frecuencias tienen el poder de cambiar su vida, aliviar sus dolencias emocionales y f\u00edsicas y facilitar la conexi\u00f3n con su ser superior.<\/strong><\/p>\n<p><strong>El cristal de cuarzo puro utilizado le permite experimentar estas frecuencias de la manera m\u00e1s pr\u00edstina y armoniosa.<\/strong> Adem\u00e1s, los arm\u00f3nicos del cristal mantienen un sustain vibratorio largo y estable.<\/p>\n<h2><\/h2>\n<h2>\u00a1Experimente usted mismo la influencia del solfeggio!<\/h2>\n<p data-start=\"656\" data-end=\"1003\"><strong data-start=\"656\" data-end=\"667\">Se considera que 1111 Hz es una poderosa frecuencia de portal energ\u00e9tico.<\/strong> A menudo asociada con la sincronicidad, la manifestaci\u00f3n y la alineaci\u00f3n dimensional superior, conlleva la vibraci\u00f3n de la activaci\u00f3n y los nuevos comienzos. Muchos creen que 1111 es una \u00abllamada de atenci\u00f3n\u00bb del universo: una invitaci\u00f3n a recordar el camino de su alma y a alcanzar su m\u00e1ximo potencial. <\/p>\n<p data-start=\"1005\" data-end=\"1260\">Trabajar con esta frecuencia puede favorecer la alineaci\u00f3n con el tiempo divino, la claridad de la intenci\u00f3n y la manifestaci\u00f3n de deseos impulsados por un prop\u00f3sito. Es ideal para meditaciones centradas en la alineaci\u00f3n espiritual, la invocaci\u00f3n de la gu\u00eda o la amplificaci\u00f3n de la creaci\u00f3n consciente. <\/p>\n<p data-start=\"1262\" data-end=\"1379\">Un instrumento verdaderamente \u00fanico para aquellos que resuenan con la numerolog\u00eda, la conexi\u00f3n angelical y la conciencia multidimensional.<\/p>\n<p>&nbsp;<\/p>\n<p>&nbsp;<\/p>\n<p>&nbsp;<\/p>\n<p><strong>Este instrumento proporciona un sonido puro y armonioso a una frecuencia precisa de 1111 Hz<\/strong> (con una precisi\u00f3n de afinaci\u00f3n de 0,1 Hz). Fabricado con cristal de cuarzo puro al 99,8 %. Mano de obra de alta calidad.  <\/p>\n<p>Posibilidades de provocar vibraciones golpeando con una maza o frotando con las manos mojadas (otro tipo de arm\u00f3nico).<\/p>\n<p>&nbsp;<\/p>\n<h3><strong><span class=\"HwtZe\" lang=\"en\"><span class=\"jCAhz ChMk0b\"><span class=\"ryNqvb\">Especificaciones t\u00e9cnicas<\/span><\/span><\/span>:<\/strong><\/h3>\n<p><strong>Nota:<\/strong> Solfeggio 1111 Hz<\/p>\n<p><strong><span class=\"HwtZe\" lang=\"en\"><span class=\"jCAhz ChMk0b\"><span class=\"ryNqvb\">Dimensiones del instrumento<\/span><\/span><\/span>:<\/strong> 36 x 6 x 6 cm (14 x 2,3 x 2,3 in)<\/p>\n<p><strong>Dimensiones de la bolsa:<\/strong> 65 x 8 x 8 cm (25,5 x 3 x 3 in)<\/p>\n<p><strong><span class=\"HwtZe\" lang=\"en\"><span class=\"jCAhz ChMk0b\"><span class=\"ryNqvb\">Peso<\/span><\/span><\/span>:<\/strong> 0,5 Kg<\/p>\n<p>&nbsp;<\/p>\n<h3><strong><span class=\"HwtZe\" lang=\"en\"><span class=\"jCAhz ChMk0b\"><span class=\"ryNqvb\">El producto incluye<\/span><\/span><\/span>:<\/strong><\/h3>\n<ul>\n<li>Crystal Monocurati Solfeggio 1111 Hz<\/li>\n<li><span class=\"HwtZe\" lang=\"en\"><span class=\"jCAhz ChMk0b\"><span class=\"ryNqvb\">Mazo<\/span><\/span><\/span> de fieltro<\/li>\n<li><span class=\"HwtZe\" lang=\"en\"><span class=\"jCAhz ChMk0b\"><span class=\"ryNqvb\">Bolsa reforzada con interior de terciopelo<\/span><\/span><\/span><\/li>\n<li><span class=\"HwtZe\" lang=\"en\"><span class=\"jCAhz ChMk0b\"><span class=\"ryNqvb\">Declaraci\u00f3n de calidad<\/span><\/span><\/span><\/li>\n<\/ul>\n<p>&nbsp;<\/p>\n<p>&nbsp;<\/p>\n","protected":false},"excerpt":{"rendered":"<p>Solfeggio es una antigua escala musical utilizada, entre otros, en la iglesia gregoriana medieval, que tiene ra\u00edces mucho m\u00e1s antiguas, y quiz\u00e1s incluso muy antiguas. Era conocida por causar experiencias m\u00edsticas en las personas, lo que m\u00e1s tarde llev\u00f3 a su eliminaci\u00f3n de la iglesia durante muchos siglos. La escala Solfeggio es un conjunto de [&hellip;]<\/p>\n","protected":false},"featured_media":5416,"comment_status":"open","ping_status":"closed","template":"","meta":[],"product_brand":[],"product_cat":[167],"product_tag":[],"class_list":{"0":"post-5427","1":"product","2":"type-product","3":"status-publish","4":"has-post-thumbnail","6":"product_cat-solfeo-de-crystal-monocurati","8":"first","9":"instock","10":"taxable","11":"shipping-taxable","12":"purchasable","13":"product-type-simple"},"aioseo_notices":[],"_links":{"self":[{"href":"https:\/\/www.crystalharps.com\/es\/wp-json\/wp\/v2\/product\/5427","targetHints":{"allow":["GET"]}}],"collection":[{"href":"https:\/\/www.crystalharps.com\/es\/wp-json\/wp\/v2\/product"}],"about":[{"href":"https:\/\/www.crystalharps.com\/es\/wp-json\/wp\/v2\/types\/product"}],"replies":[{"embeddable":true,"href":"https:\/\/www.crystalharps.com\/es\/wp-json\/wp\/v2\/comments?post=5427"}],"version-history":[{"count":0,"href":"https:\/\/www.crystalharps.com\/es\/wp-json\/wp\/v2\/product\/5427\/revisions"}],"wp:featuredmedia":[{"embeddable":true,"href":"https:\/\/www.crystalharps.com\/es\/wp-json\/wp\/v2\/media\/5416"}],"wp:attachment":[{"href":"https:\/\/www.crystalharps.com\/es\/wp-json\/wp\/v2\/media?parent=5427"}],"wp:term":[{"taxonomy":"product_brand","embeddable":true,"href":"https:\/\/www.crystalharps.com\/es\/wp-json\/wp\/v2\/product_brand?post=5427"},{"taxonomy":"product_cat","embeddable":true,"href":"https:\/\/www.crystalharps.com\/es\/wp-json\/wp\/v2\/product_cat?post=5427"},{"taxonomy":"product_tag","embeddable":true,"href":"https:\/\/www.crystalharps.com\/es\/wp-json\/wp\/v2\/product_tag?post=5427"}],"curies":[{"name":"wp","href":"https:\/\/api.w.org\/{rel}","templated":true}]}}