{"id":5423,"date":"2025-08-04T14:44:13","date_gmt":"2025-08-04T12:44:13","guid":{"rendered":"https:\/\/www.crystalharps.com\/product\/monocurati-de-cristal-solfeggio-285-hz-regeneracion-de-tejidos-y-refuerzo-inmunologico\/"},"modified":"2025-08-04T14:44:13","modified_gmt":"2025-08-04T12:44:13","slug":"monocurati-de-cristal-solfeggio-285-hz-regeneracion-de-tejidos-y-refuerzo-inmunologico","status":"publish","type":"product","link":"https:\/\/www.crystalharps.com\/es\/producto\/monocurati-de-cristal-solfeggio-285-hz-regeneracion-de-tejidos-y-refuerzo-inmunologico\/","title":{"rendered":"Monocurati de Cristal Solfeggio ~ 285\u202fHz ~ Regeneraci\u00f3n de Tejidos y Refuerzo Inmunol\u00f3gico"},"content":{"rendered":"<p>Solfeggio es una antigua escala musical utilizada, entre otros, en la iglesia gregoriana medieval, que tiene ra\u00edces mucho m\u00e1s antiguas, y quiz\u00e1s incluso muy antiguas. Era conocida por causar experiencias m\u00edsticas en las personas, lo que m\u00e1s tarde llev\u00f3 a su eliminaci\u00f3n de la iglesia durante muchos siglos.  <strong>La escala Solfeggio es un conjunto de frecuencias espec\u00edficas que tienen una fuerte influencia en el ser humano.<\/strong> En sus aspectos f\u00edsico y mental. Estas frecuencias tambi\u00e9n se encontraron en las entonaciones de mantras y meditaciones antiguas, cuyo prop\u00f3sito era restaurar el equilibrio y la armon\u00eda en el hombre. <\/p>\n<p><strong>El ser humano es muy sensible a las vibraciones, y esto se debe a que estamos compuestos por aproximadamente un 70 % de agua<\/strong>, que absorbe f\u00e1cilmente las vibraciones que fluyen a trav\u00e9s de ella, que pueden ser destructivas para nosotros (como el ruido, es decir, vibraciones fuertes y desordenadas) o constructivas (como ondas coherentes y vibraciones de patrones).<br \/>\n Por eso es conocido por sus efectos beneficiosos y se ha utilizado con \u00e9xito en la musicoterapia, y cada frecuencia apoya un proceso beneficioso diferente en el receptor. Para obtener el mejor efecto, sugerimos que durante una sesi\u00f3n con frecuencias de solfeggio, tenga la oportunidad de estar completamente tranquilo y abierto a una actitud plena y presente de estar en este proceso. <\/p>\n<p><strong>Estas frecuencias tienen el poder de cambiar su vida, aliviar sus dolencias emocionales y f\u00edsicas y facilitar la conexi\u00f3n con su ser superior.<\/strong><\/p>\n<p><strong>El cristal de cuarzo puro utilizado le permite experimentar estas frecuencias de la manera m\u00e1s pr\u00edstina y armoniosa.<\/strong> Adem\u00e1s, los arm\u00f3nicos del cristal mantienen un sustain vibratorio largo y estable.<\/p>\n<h2><\/h2>\n<h2>\u00a1Experimente usted mismo la influencia del solfeggio!<\/h2>\n<p data-start=\"536\" data-end=\"841\"><strong data-start=\"536\" data-end=\"546\">285\u202fHz<\/strong> <strong>es una frecuencia Solfeggio que favorece la regeneraci\u00f3n f\u00edsica y fortalece el sistema inmunitario<\/strong>. Se cree que env\u00eda un mensaje al campo energ\u00e9tico del cuerpo para restaurar los tejidos da\u00f1ados a su estado original, ayudando a la curaci\u00f3n de heridas, quemaduras, fracturas, cicatrices y desequilibrios energ\u00e9ticos. <\/p>\n<p data-start=\"843\" data-end=\"1107\">Esta frecuencia tambi\u00e9n puede promover la activaci\u00f3n de la memoria celular y servir como catalizador para los procesos naturales de curaci\u00f3n. Ideal para su uso en terapia de sonido, sanaci\u00f3n energ\u00e9tica y recuperaci\u00f3n postraum\u00e1tica, 285\u202fHz ayuda a restaurar el equilibrio y la integridad a un nivel celular profundo. <\/p>\n<p data-start=\"1109\" data-end=\"1269\">Un instrumento perfecto para terapeutas e individuos que buscan apoyar la capacidad innata del cuerpo para regenerarse y alinearse con su plano vibracional natural.<\/p>\n<p>&nbsp;<\/p>\n<p>&nbsp;<\/p>\n<p><strong>Este instrumento proporciona un sonido puro y armonioso a una frecuencia precisa de 285 Hz<\/strong> (con una precisi\u00f3n de afinaci\u00f3n de 0,1 Hz). Fabricado con cristal de cuarzo puro al 99,8 %. Mano de obra de alta calidad.  <\/p>\n<p>Posibilidades de provocar vibraciones golpeando con una maza o frotando con las manos mojadas (otro tipo de arm\u00f3nico).<\/p>\n<p>&nbsp;<\/p>\n<h3><strong><span class=\"HwtZe\" lang=\"en\"><span class=\"jCAhz ChMk0b\"><span class=\"ryNqvb\">Especificaciones t\u00e9cnicas<\/span><\/span><\/span>:<\/strong><\/h3>\n<p><strong>Nota:<\/strong> Solfeggio 285Hz<\/p>\n<p><strong><span class=\"HwtZe\" lang=\"en\"><span class=\"jCAhz ChMk0b\"><span class=\"ryNqvb\">Dimensiones del instrumento<\/span><\/span><\/span>:<\/strong> 62 x 6 x 6 cm (24,5 x 2,3 x 2,3 in )<\/p>\n<p><strong>Dimensiones de la bolsa:<\/strong> 65 x 8 x 8 cm (25,5 x 3 x 3 in)<\/p>\n<p><strong><span class=\"HwtZe\" lang=\"en\"><span class=\"jCAhz ChMk0b\"><span class=\"ryNqvb\">Peso<\/span><\/span><\/span>:<\/strong> 0,5 Kg<\/p>\n<p>&nbsp;<\/p>\n<h3><strong><span class=\"HwtZe\" lang=\"en\"><span class=\"jCAhz ChMk0b\"><span class=\"ryNqvb\">El producto incluye<\/span><\/span><\/span>:<\/strong><\/h3>\n<ul>\n<li>Monocurati de Cristal Solfeggio 285 Hz<\/li>\n<li><span class=\"HwtZe\" lang=\"en\"><span class=\"jCAhz ChMk0b\"><span class=\"ryNqvb\">Mazo<\/span><\/span><\/span> de fieltro<\/li>\n<li><span class=\"HwtZe\" lang=\"en\"><span class=\"jCAhz ChMk0b\"><span class=\"ryNqvb\">Bolsa reforzada con interior de terciopelo<\/span><\/span><\/span><\/li>\n<li><span class=\"HwtZe\" lang=\"en\"><span class=\"jCAhz ChMk0b\"><span class=\"ryNqvb\">Declaraci\u00f3n de calidad<\/span><\/span><\/span><\/li>\n<\/ul>\n<p>&nbsp;<\/p>\n<p>&nbsp;<\/p>\n","protected":false},"excerpt":{"rendered":"<p>Solfeggio es una antigua escala musical utilizada, entre otros, en la iglesia gregoriana medieval, que tiene ra\u00edces mucho m\u00e1s antiguas, y quiz\u00e1s incluso muy antiguas. Era conocida por causar experiencias m\u00edsticas en las personas, lo que m\u00e1s tarde llev\u00f3 a su eliminaci\u00f3n de la iglesia durante muchos siglos. La escala Solfeggio es un conjunto de [&hellip;]<\/p>\n","protected":false},"featured_media":5424,"comment_status":"open","ping_status":"closed","template":"","meta":{"_wge_video_url":""},"product_brand":[],"product_cat":[167],"product_tag":[],"class_list":{"0":"post-5423","1":"product","2":"type-product","3":"status-publish","4":"has-post-thumbnail","6":"product_cat-solfeo-de-crystal-monocurati","8":"first","9":"instock","10":"taxable","11":"shipping-taxable","12":"purchasable","13":"product-type-simple"},"aioseo_notices":[],"_links":{"self":[{"href":"https:\/\/www.crystalharps.com\/es\/wp-json\/wp\/v2\/product\/5423","targetHints":{"allow":["GET"]}}],"collection":[{"href":"https:\/\/www.crystalharps.com\/es\/wp-json\/wp\/v2\/product"}],"about":[{"href":"https:\/\/www.crystalharps.com\/es\/wp-json\/wp\/v2\/types\/product"}],"replies":[{"embeddable":true,"href":"https:\/\/www.crystalharps.com\/es\/wp-json\/wp\/v2\/comments?post=5423"}],"version-history":[{"count":0,"href":"https:\/\/www.crystalharps.com\/es\/wp-json\/wp\/v2\/product\/5423\/revisions"}],"wp:featuredmedia":[{"embeddable":true,"href":"https:\/\/www.crystalharps.com\/es\/wp-json\/wp\/v2\/media\/5424"}],"wp:attachment":[{"href":"https:\/\/www.crystalharps.com\/es\/wp-json\/wp\/v2\/media?parent=5423"}],"wp:term":[{"taxonomy":"product_brand","embeddable":true,"href":"https:\/\/www.crystalharps.com\/es\/wp-json\/wp\/v2\/product_brand?post=5423"},{"taxonomy":"product_cat","embeddable":true,"href":"https:\/\/www.crystalharps.com\/es\/wp-json\/wp\/v2\/product_cat?post=5423"},{"taxonomy":"product_tag","embeddable":true,"href":"https:\/\/www.crystalharps.com\/es\/wp-json\/wp\/v2\/product_tag?post=5423"}],"curies":[{"name":"wp","href":"https:\/\/api.w.org\/{rel}","templated":true}]}}