{"id":5393,"date":"2025-10-08T17:03:54","date_gmt":"2025-10-08T15:03:54","guid":{"rendered":"https:\/\/www.crystalharps.com\/product\/arpa-de-cristal-solfeggio\/"},"modified":"2025-10-08T17:03:54","modified_gmt":"2025-10-08T15:03:54","slug":"arpa-de-cristal-solfeggio","status":"publish","type":"product","link":"https:\/\/www.crystalharps.com\/es\/producto\/arpa-de-cristal-solfeggio\/","title":{"rendered":"Arpa de cristal Solfeggio"},"content":{"rendered":"<p>El arpa de cristal es un instrumento hermoso y de sonido armonioso.<\/p>\n<p>El sonido que emana del instrumento puede describirse como arm\u00f3nico, et\u00e9reo e inusual, porque la gente no est\u00e1 familiarizada con los arm\u00f3nicos de un cristal de cuarzo, que son bastante diferentes del metal o la madera. El resultado para el receptor es deleite y, a menudo, felicidad instant\u00e1nea. <\/p>\n<p>Solfeggio es una antigua escala musical utilizada, entre otros, en la iglesia gregoriana medieval, que tiene ra\u00edces mucho m\u00e1s antiguas, y quiz\u00e1s incluso muy antiguas. Era conocida por causar experiencias m\u00edsticas en las personas, lo que m\u00e1s tarde llev\u00f3 a su eliminaci\u00f3n de la iglesia durante muchos siglos.  <strong>La escala Solfeggio es un conjunto de frecuencias espec\u00edficas que tienen una fuerte influencia en el ser humano.<\/strong> En sus aspectos f\u00edsico y mental. Estas frecuencias tambi\u00e9n se encontraron en las entonaciones de mantras y meditaciones antiguas, cuyo prop\u00f3sito era restaurar el equilibrio y la armon\u00eda en el hombre. <\/p>\n<p><strong>El ser humano es muy sensible a las vibraciones, y esto se debe a que estamos compuestos por aproximadamente un 70 % de agua<\/strong>, que absorbe f\u00e1cilmente las vibraciones que fluyen a trav\u00e9s de ella, que pueden ser destructivas para nosotros (como el ruido, es decir, vibraciones fuertes y desordenadas) o constructivas (como ondas coherentes y vibraciones de patrones).<br \/>\n Por eso es conocido por sus efectos beneficiosos y se ha utilizado con \u00e9xito en la musicoterapia, y cada frecuencia apoya un proceso beneficioso diferente en el receptor. Para obtener el mejor efecto, sugerimos que durante una sesi\u00f3n con frecuencias de solfeggio, tenga la oportunidad de estar completamente tranquilo y abierto a una actitud plena y presente de estar en este proceso. <\/p>\n<p><strong>Estas frecuencias tienen el poder de cambiar su vida, aliviar sus dolencias emocionales y f\u00edsicas y facilitar la conexi\u00f3n con su ser superior.<\/strong><\/p>\n<p><strong>El cristal de cuarzo puro utilizado le permite experimentar estas frecuencias de la manera m\u00e1s pr\u00edstina y armoniosa.<\/strong> Adem\u00e1s, los arm\u00f3nicos del cristal mantienen un sustain vibratorio largo y estable.<\/p>\n<h2>\u00a1Experimente usted mismo la influencia del solfeggio!<\/h2>\n<p>&nbsp;<\/p>\n<p>El <b>~<\/b> <strong>Solfeggio<\/strong> <b>~<\/b> el arpa consta de 9 tubos de cuarzo afinados a las siguientes frecuencias:<\/p>\n<ul>\n<li><strong>1111 Hz<\/strong> &#8211; Llamada de atenci\u00f3n del universo<\/li>\n<li><strong data-start=\"1104\" data-end=\"1114\">963 Hz<\/strong> \u2013 Conexi\u00f3n divina y conciencia de unidad<\/li>\n<li><strong data-start=\"1055\" data-end=\"1065\">852 Hz<\/strong> \u2013 Despertar espiritual e intuici\u00f3n<\/li>\n<li><strong data-start=\"1013\" data-end=\"1023\">741 Hz<\/strong> \u2013 Desintoxicaci\u00f3n y claridad<\/li>\n<li><strong data-start=\"962\" data-end=\"972\">639 Hz<\/strong> \u2013 Relaciones y armon\u00eda emocional<\/li>\n<li><strong data-start=\"923\" data-end=\"933\">528 Hz<\/strong> \u2013 Milagros y reparaci\u00f3n del ADN<\/li>\n<li><strong data-start=\"862\" data-end=\"872\">417 Hz<\/strong> \u2013 Transformaci\u00f3n y eliminaci\u00f3n de patrones negativos<\/li>\n<li><strong data-start=\"802\" data-end=\"812\">369 Hz<\/strong> \u2013 Integraci\u00f3n coraz\u00f3n-esp\u00edritu y alineaci\u00f3n interior<\/li>\n<li><strong data-start=\"746\" data-end=\"756\">285 Hz<\/strong> \u2013 Regeneraci\u00f3n de tejidos y curaci\u00f3n celular<\/li>\n<\/ul>\n<p>con una precisi\u00f3n de afinaci\u00f3n extremadamente precisa de hasta 0,1 Hz.<\/p>\n<p>Escala: <strong>Solfeggio<\/strong><\/p>\n<p>&nbsp;<\/p>\n<p>Los tubos est\u00e1n hechos de cristal de cuarzo con una pureza del 99,8 %. Por esta raz\u00f3n, conserva la calidad ac\u00fastica de los cuencos cantores de cristal, pero suena de una manera completamente nueva. <\/p>\n<p>&nbsp;<\/p>\n<p>La longitud del arpa es de 58 cm, su anchura es de 55 cm y el peso del instrumento en s\u00ed es de aprox. 1,2 kg. <\/p>\n<p>&nbsp;<\/p>\n<p>El arpa <strong>~Solfeggio Crystal Harp~<\/strong> es completamente transparente. El cuerpo est\u00e1 hecho de acr\u00edlico, y todos los elementos adicionales permiten que la luz pase a trav\u00e9s, lo que hace que se sienta m\u00e1s et\u00e9reo. <\/p>\n<p>&nbsp;<\/p>\n<p>El arpa se puede sostener en la mano usando el asa central o colocarla en un soporte.<\/p>\n<p>Puede tocar de varias maneras: golpeando las mazas o, lo que es m\u00e1s agradable, con los dedos (golpeando ligeramente con las u\u00f1as). Tambi\u00e9n puede obtener un efecto ac\u00fastico completamente diferente frotando las tuber\u00edas con las manos humedecidas con agua. <\/p>\n<p>Al mover el arpa lateralmente mientras se toca, su sonido experimenta modulaciones adicionales.<\/p>\n<p>&nbsp;<\/p>\n<p><strong>El conjunto incluye:<\/strong><\/p>\n<p>\u2013 Arpa de cristal ~Solfeggio<\/p>\n<p>\u2013 Juego de mazas<\/p>\n<p>\u2013 Soporte plegable (para colocar el arpa)<\/p>\n<p>\u2013 Un folleto con instrucciones en 5 idiomas (ingl\u00e9s, polaco, alem\u00e1n, espa\u00f1ol, franc\u00e9s) y una declaraci\u00f3n de calidad del producto con un n\u00famero de serie<\/p>\n<p>\u2013 Mochila r\u00edgida reforzada con material ABS resistente y ligero y forrada con terciopelo impermeable en el interior (para llevar el instrumento en la espalda o en una correa para el hombro).<\/p>\n<p>&nbsp;<\/p>\n<p><iframe title=\"Solfeggio frequencies crystal harp #harmonicsounds\" width=\"563\" height=\"1000\" src=\"https:\/\/www.youtube.com\/embed\/jWPJKZGn5wM?feature=oembed\" frameborder=\"0\" allow=\"accelerometer; autoplay; clipboard-write; encrypted-media; gyroscope; picture-in-picture; web-share\" referrerpolicy=\"strict-origin-when-cross-origin\" allowfullscreen><\/iframe><\/p>\n","protected":false},"excerpt":{"rendered":"<p>El <b>~<\/b> <strong>Solfeggio<\/strong> <b>~<\/b> el arpa consta de 9 tubos de cuarzo afinados a las siguientes frecuencias:<\/p>\n<ul>\n<li><strong>1111 Hz<\/strong> &#8211; Llamada de atenci\u00f3n del universo<\/li>\n<li><strong data-start=\"1104\" data-end=\"1114\">963 Hz<\/strong> \u2013 Conexi\u00f3n divina y conciencia de unidad<\/li>\n<li><strong data-start=\"1055\" data-end=\"1065\">852 Hz<\/strong> \u2013 Despertar espiritual e intuici\u00f3n<\/li>\n<li><strong data-start=\"1013\" data-end=\"1023\">741 Hz<\/strong> \u2013 Desintoxicaci\u00f3n y claridad<\/li>\n<li><strong data-start=\"962\" data-end=\"972\">639 Hz<\/strong> \u2013 Relaciones y armon\u00eda emocional<\/li>\n<li><strong data-start=\"923\" data-end=\"933\">528 Hz<\/strong> \u2013 Milagros y reparaci\u00f3n del ADN<\/li>\n<li><strong data-start=\"862\" data-end=\"872\">417 Hz<\/strong> \u2013 Transformaci\u00f3n y eliminaci\u00f3n de patrones negativos<\/li>\n<li><strong data-start=\"802\" data-end=\"812\">369 Hz<\/strong> \u2013 Integraci\u00f3n coraz\u00f3n-esp\u00edritu y alineaci\u00f3n interior<\/li>\n<li><strong data-start=\"746\" data-end=\"756\">285 Hz<\/strong> \u2013 Regeneraci\u00f3n de tejidos y curaci\u00f3n celular<\/li>\n<\/ul>\n","protected":false},"featured_media":5399,"comment_status":"open","ping_status":"closed","template":"","meta":[],"product_brand":[],"product_cat":[164,189,167],"product_tag":[],"class_list":{"0":"post-5393","1":"product","2":"type-product","3":"status-publish","4":"has-post-thumbnail","6":"product_cat-arpas-de-cristal-medianas","7":"product_cat-crystal-harp-solfeggio","8":"product_cat-solfeo-de-crystal-monocurati","10":"first","11":"instock","12":"taxable","13":"shipping-taxable","14":"purchasable","15":"product-type-simple"},"aioseo_notices":[],"_links":{"self":[{"href":"https:\/\/www.crystalharps.com\/es\/wp-json\/wp\/v2\/product\/5393","targetHints":{"allow":["GET"]}}],"collection":[{"href":"https:\/\/www.crystalharps.com\/es\/wp-json\/wp\/v2\/product"}],"about":[{"href":"https:\/\/www.crystalharps.com\/es\/wp-json\/wp\/v2\/types\/product"}],"replies":[{"embeddable":true,"href":"https:\/\/www.crystalharps.com\/es\/wp-json\/wp\/v2\/comments?post=5393"}],"version-history":[{"count":0,"href":"https:\/\/www.crystalharps.com\/es\/wp-json\/wp\/v2\/product\/5393\/revisions"}],"wp:featuredmedia":[{"embeddable":true,"href":"https:\/\/www.crystalharps.com\/es\/wp-json\/wp\/v2\/media\/5399"}],"wp:attachment":[{"href":"https:\/\/www.crystalharps.com\/es\/wp-json\/wp\/v2\/media?parent=5393"}],"wp:term":[{"taxonomy":"product_brand","embeddable":true,"href":"https:\/\/www.crystalharps.com\/es\/wp-json\/wp\/v2\/product_brand?post=5393"},{"taxonomy":"product_cat","embeddable":true,"href":"https:\/\/www.crystalharps.com\/es\/wp-json\/wp\/v2\/product_cat?post=5393"},{"taxonomy":"product_tag","embeddable":true,"href":"https:\/\/www.crystalharps.com\/es\/wp-json\/wp\/v2\/product_tag?post=5393"}],"curies":[{"name":"wp","href":"https:\/\/api.w.org\/{rel}","templated":true}]}}