{"id":5371,"date":"2025-10-21T14:37:44","date_gmt":"2025-10-21T12:37:44","guid":{"rendered":"https:\/\/www.crystalharps.com\/product\/mango-inferior-suave-para-arpa-de-cristal\/"},"modified":"2025-10-21T14:37:44","modified_gmt":"2025-10-21T12:37:44","slug":"mango-inferior-suave-para-arpa-de-cristal","status":"publish","type":"product","link":"https:\/\/www.crystalharps.com\/es\/producto\/mango-inferior-suave-para-arpa-de-cristal\/","title":{"rendered":"Mango inferior suave para arpa de cristal"},"content":{"rendered":"<p>Este soporte es un accesorio adicional para el arpa de cristal, dise\u00f1ado para que sujetar el instrumento sea m\u00e1s c\u00f3modo.<\/p>\n<p>Cuando se coloca en la parte inferior del instrumento, la mano descansa completamente sobre el suave terciopelo.<\/p>\n<p>Est\u00e1 meticulosamente elaborado y presenta un bordado de Alas Et\u00e9reas sutilmente visible. Se sujeta con velcro. <\/p>\n<p>Hace que sujetar el instrumento sea a\u00fan m\u00e1s c\u00f3modo.<\/p>\n<p>La oferta incluye: 1 unidad hecha de terciopelo dorado.<\/p>\n<p>&nbsp;<\/p>\n<p><iframe title=\"A new accessory that will make it easier for you to play the crystal harp for a long time.\" width=\"563\" height=\"1000\" src=\"https:\/\/www.youtube.com\/embed\/go9vMO5eSm8?feature=oembed\" frameborder=\"0\" allow=\"accelerometer; autoplay; clipboard-write; encrypted-media; gyroscope; picture-in-picture; web-share\" referrerpolicy=\"strict-origin-when-cross-origin\" allowfullscreen><\/iframe><\/p>\n<p>&nbsp;<\/p>\n<p><iframe title=\"Un nuevo accesorio que te permitir\u00e1 tocar el arpa de cristal con mayor facilidad durante mucho tiemp\" width=\"563\" height=\"1000\" src=\"https:\/\/www.youtube.com\/embed\/K9phZHsxPnQ?feature=oembed\" frameborder=\"0\" allow=\"accelerometer; autoplay; clipboard-write; encrypted-media; gyroscope; picture-in-picture; web-share\" referrerpolicy=\"strict-origin-when-cross-origin\" allowfullscreen><\/iframe><\/p>\n<p><iframe title=\"A new accessory for crystal harp\" width=\"563\" height=\"1000\" src=\"https:\/\/www.youtube.com\/embed\/UeUAihFinoI?feature=oembed\" frameborder=\"0\" allow=\"accelerometer; autoplay; clipboard-write; encrypted-media; gyroscope; picture-in-picture; web-share\" referrerpolicy=\"strict-origin-when-cross-origin\" allowfullscreen><\/iframe><\/p>\n<p>&nbsp;<\/p>\n","protected":false},"excerpt":{"rendered":"<p>Este soporte es un accesorio adicional para el arpa de cristal, dise\u00f1ado para que sujetar el instrumento sea m\u00e1s c\u00f3modo. Cuando se coloca en la parte inferior del instrumento, la mano descansa completamente sobre el suave terciopelo. Est\u00e1 meticulosamente elaborado y presenta un bordado de Alas Et\u00e9reas sutilmente visible. Se sujeta con velcro. Hace que [&hellip;]<\/p>\n","protected":false},"featured_media":5373,"comment_status":"open","ping_status":"closed","template":"","meta":[],"product_brand":[],"product_cat":[169],"product_tag":[],"class_list":{"0":"post-5371","1":"product","2":"type-product","3":"status-publish","4":"has-post-thumbnail","6":"product_cat-accesorios","8":"first","9":"instock","10":"taxable","11":"shipping-taxable","12":"purchasable","13":"product-type-simple"},"aioseo_notices":[],"_links":{"self":[{"href":"https:\/\/www.crystalharps.com\/es\/wp-json\/wp\/v2\/product\/5371","targetHints":{"allow":["GET"]}}],"collection":[{"href":"https:\/\/www.crystalharps.com\/es\/wp-json\/wp\/v2\/product"}],"about":[{"href":"https:\/\/www.crystalharps.com\/es\/wp-json\/wp\/v2\/types\/product"}],"replies":[{"embeddable":true,"href":"https:\/\/www.crystalharps.com\/es\/wp-json\/wp\/v2\/comments?post=5371"}],"version-history":[{"count":0,"href":"https:\/\/www.crystalharps.com\/es\/wp-json\/wp\/v2\/product\/5371\/revisions"}],"wp:featuredmedia":[{"embeddable":true,"href":"https:\/\/www.crystalharps.com\/es\/wp-json\/wp\/v2\/media\/5373"}],"wp:attachment":[{"href":"https:\/\/www.crystalharps.com\/es\/wp-json\/wp\/v2\/media?parent=5371"}],"wp:term":[{"taxonomy":"product_brand","embeddable":true,"href":"https:\/\/www.crystalharps.com\/es\/wp-json\/wp\/v2\/product_brand?post=5371"},{"taxonomy":"product_cat","embeddable":true,"href":"https:\/\/www.crystalharps.com\/es\/wp-json\/wp\/v2\/product_cat?post=5371"},{"taxonomy":"product_tag","embeddable":true,"href":"https:\/\/www.crystalharps.com\/es\/wp-json\/wp\/v2\/product_tag?post=5371"}],"curies":[{"name":"wp","href":"https:\/\/api.w.org\/{rel}","templated":true}]}}