{"id":5297,"date":"2024-09-09T10:07:47","date_gmt":"2024-09-09T08:07:47","guid":{"rendered":"https:\/\/www.crystalharps.com\/product\/arpa-de-cristal-light-heart-f\/"},"modified":"2026-01-12T15:12:42","modified_gmt":"2026-01-12T14:12:42","slug":"arpa-de-cristal-light-heart-f","status":"publish","type":"product","link":"https:\/\/www.crystalharps.com\/es\/producto\/arpa-de-cristal-light-heart-f\/","title":{"rendered":"Arpa de cristal Light HEART ~ F"},"content":{"rendered":"<div class=\"elementor-element elementor-element-f9fa9b6 elementor-widget elementor-widget-heading\" data-id=\"f9fa9b6\" data-element_type=\"widget\" data-widget_type=\"heading.default\">\n<div class=\"elementor-widget-container\">\n<h2 class=\"elementor-heading-title elementor-size-default\"><strong style=\"font-size: 16px;\">Arpa de cristal Light<\/strong><span style=\"font-size: 16px;\">: un modelo m\u00e1s peque\u00f1o y compacto que puede llevar f\u00e1cilmente a cualquier parte.<\/span><\/h2>\n<\/div>\n<\/div>\n<div class=\"elementor-element elementor-element-c808274 elementor-widget-tablet__width-inherit elementor-widget elementor-widget-woocommerce-product-content\" data-id=\"c808274\" data-element_type=\"widget\" data-widget_type=\"woocommerce-product-content.default\">\n<div class=\"elementor-widget-container\">\n<p>Dedicada al <strong>chakra del coraz\u00f3n<\/strong>, tiene 6 notas que comienzan con F, con 3 notas espaciadas uniformemente en la 5\u00aa octava y las 3 notas siguientes en la 6\u00aa octava. Su objetivo es ayudar a restablecer el equilibrio interno entre lo terrenal y lo espiritual. <\/p>\n<p><strong>Es m\u00e1s ligera que un arpa tradicional<\/strong>, por lo que las manos peque\u00f1as disfrutar\u00e1n de su peso de aprox. 0,8 kg.<br \/>\nRequiere poco espacio de almacenamiento y se transporta f\u00e1cilmente.<br \/>\nTambi\u00e9n est\u00e1 clasificada como equipaje de mano en un avi\u00f3n (versi\u00f3n maleta). <\/p>\n<p>Se utiliza exactamente igual que un arpa de 9 notas de tama\u00f1o completo y suena igual de hermosa, aunque es un instrumento de sonido m\u00e1s agudo. Podemos tocar con mazos, manos y agua.<br \/>\nTambi\u00e9n le animamos a escuchar el arpa de 9 notas de tama\u00f1o completo, que tiene un espectro de tonos m\u00e1s amplio que incluye sonidos tanto graves como agudos. <\/p>\n<p>&nbsp;<\/p>\n<p>El instrumento viene con una bolsa especial para su transporte y almacenamiento. Equipada con una correa para el hombro y un bolsillo grande para un mazo y accesorios. Cada pared est\u00e1 reforzada y el interior est\u00e1 forrado con terciopelo impermeable que realza la belleza del instrumento. Las dimensiones de la bolsa son de aprox. 62 x 47 x 17 cm (24,5 x 18,5 x 6,5 in).    <\/p>\n<p>&nbsp;<\/p>\n<p><strong>Declaramos que la pureza del cuarzo utilizado en el instrumento es del 99,8 % y la precisi\u00f3n de la afinaci\u00f3n es de 0,1 Hz.<\/strong><\/p>\n<p>&nbsp;<\/p>\n<p>Notas: <strong>F5, G5, A5, C6, D6, E6<\/strong> con una precisi\u00f3n de afinaci\u00f3n extremadamente alta de hasta 0,1 Hz.<br \/>\nDedicada al chakra del coraz\u00f3n.<br \/>\nEscala <span class=\"HwtZe\" lang=\"en\"><span class=\"jCAhz ChMk0b\"><span class=\"ryNqvb\">a elegir<\/span><\/span><\/span>: <strong>natural a=432 Hz<\/strong> o <strong>cl\u00e1sica a=440 Hz<\/strong><\/p>\n<p>Estado de \u00e1nimo: <strong><span class=\"HwtZe\" lang=\"en\"><span class=\"jCAhz ChMk0b\"><span class=\"ryNqvb\">Brillo, luminosidad, alegr\u00eda, presencia y equilibrio interior.<\/span><\/span><\/span><\/strong><\/p>\n<p><strong>El conjunto incluye:<\/strong><br \/>\n\u2013 Arpa de cristal Light \u2013 F Coraz\u00f3n<br \/>\n\u2013 <span class=\"HwtZe\" lang=\"en\"><span class=\"jCAhz ChMk0b\"><span class=\"ryNqvb\">Bolsa de transporte reforzada<\/span><\/span><\/span><br \/>\n\u2013 Mazo de juego<br \/>\n\u2013 Manual con declaraci\u00f3n de calidad y n\u00famero de serie<br \/>\n\u2013 Pa\u00f1o de limpieza y elementos de fijaci\u00f3n de repuesto.<\/p>\n<p><strong>Peso:<\/strong><br \/>\nEl arpa de cristal en s\u00ed pesa aprox. 0,8 kg.<br \/>\nEl instrumento colocado en un estuche pesa aprox. 3,8 kg.  <\/p>\n<p>Le animamos a comenzar su aventura con este extraordinario y m\u00e1gico instrumento.<\/p>\n<p><iframe title=\"Light Heart Crystal Harp - it&#039;s new scale 6 tons. #crystalharp #soundhealing #healing #432hz #studio\" width=\"800\" height=\"450\" src=\"https:\/\/www.youtube.com\/embed\/nwIsEQQy8gU?feature=oembed\" frameborder=\"0\" allow=\"accelerometer; autoplay; clipboard-write; encrypted-media; gyroscope; picture-in-picture; web-share\" referrerpolicy=\"strict-origin-when-cross-origin\" allowfullscreen><\/iframe><\/p>\n<p><iframe title=\"Big smile. New lighter crystal harp #crystalharp #healing #soundhealing\" width=\"800\" height=\"450\" src=\"https:\/\/www.youtube.com\/embed\/49yNlxiQIzg?feature=oembed\" frameborder=\"0\" allow=\"accelerometer; autoplay; clipboard-write; encrypted-media; gyroscope; picture-in-picture; web-share\" referrerpolicy=\"strict-origin-when-cross-origin\" allowfullscreen><\/iframe><\/p>\n<p>&nbsp;<\/p>\n<\/div>\n<\/div>\n","protected":false},"excerpt":{"rendered":"<p>~ un modelo m\u00e1s peque\u00f1o y compacto que puede llevar f\u00e1cilmente a cualquier parte.<\/p>\n<p>Dedicada al <strong>chakra del coraz\u00f3n<\/strong>, tiene 6 notas que comienzan con F, con 3 notas espaciadas uniformemente en la 5\u00aa octava y las 3 notas siguientes en la 6\u00aa octava. Su objetivo es ayudar a restablecer el equilibrio interno entre lo terrenal y lo espiritual. <\/p>\n<p>Notas: <strong>F5, G5, A5, C6, D6, E6<\/strong><\/p>\n<p>Estado de \u00e1nimo: <strong><span class=\"HwtZe\" lang=\"en\"><span class=\"jCAhz ChMk0b\"><span class=\"ryNqvb\">Brillo, luminosidad, alegr\u00eda, presencia y equilibrio interior.<\/span><\/span><\/span><\/strong><\/p>\n","protected":false},"featured_media":5301,"comment_status":"open","ping_status":"closed","template":"","meta":{"_wge_video_url":""},"product_brand":[],"product_cat":[163],"product_tag":[],"class_list":{"0":"post-5297","1":"product","2":"type-product","3":"status-publish","4":"has-post-thumbnail","6":"product_cat-pequenas-arpas-de-cristal","8":"first","9":"instock","10":"taxable","11":"shipping-taxable","12":"purchasable","13":"product-type-variable"},"aioseo_notices":[],"_links":{"self":[{"href":"https:\/\/www.crystalharps.com\/es\/wp-json\/wp\/v2\/product\/5297","targetHints":{"allow":["GET"]}}],"collection":[{"href":"https:\/\/www.crystalharps.com\/es\/wp-json\/wp\/v2\/product"}],"about":[{"href":"https:\/\/www.crystalharps.com\/es\/wp-json\/wp\/v2\/types\/product"}],"replies":[{"embeddable":true,"href":"https:\/\/www.crystalharps.com\/es\/wp-json\/wp\/v2\/comments?post=5297"}],"version-history":[{"count":1,"href":"https:\/\/www.crystalharps.com\/es\/wp-json\/wp\/v2\/product\/5297\/revisions"}],"predecessor-version":[{"id":5308,"href":"https:\/\/www.crystalharps.com\/es\/wp-json\/wp\/v2\/product\/5297\/revisions\/5308"}],"wp:featuredmedia":[{"embeddable":true,"href":"https:\/\/www.crystalharps.com\/es\/wp-json\/wp\/v2\/media\/5301"}],"wp:attachment":[{"href":"https:\/\/www.crystalharps.com\/es\/wp-json\/wp\/v2\/media?parent=5297"}],"wp:term":[{"taxonomy":"product_brand","embeddable":true,"href":"https:\/\/www.crystalharps.com\/es\/wp-json\/wp\/v2\/product_brand?post=5297"},{"taxonomy":"product_cat","embeddable":true,"href":"https:\/\/www.crystalharps.com\/es\/wp-json\/wp\/v2\/product_cat?post=5297"},{"taxonomy":"product_tag","embeddable":true,"href":"https:\/\/www.crystalharps.com\/es\/wp-json\/wp\/v2\/product_tag?post=5297"}],"curies":[{"name":"wp","href":"https:\/\/api.w.org\/{rel}","templated":true}]}}