{"id":2563,"date":"2025-05-29T20:53:23","date_gmt":"2025-05-29T18:53:23","guid":{"rendered":"https:\/\/www.crystalharps.com\/?page_id=2563"},"modified":"2026-01-11T17:11:40","modified_gmt":"2026-01-11T16:11:40","slug":"documental-sobre-nuestros-instrumentos-sp","status":"publish","type":"page","link":"https:\/\/www.crystalharps.com\/es\/documental-sobre-nuestros-instrumentos-sp\/","title":{"rendered":"Documental sobre nuestros instrumentos (SP)"},"content":{"rendered":"\t\t<div data-elementor-type=\"wp-page\" data-elementor-id=\"2563\" class=\"elementor elementor-2563 elementor-2554\" data-elementor-post-type=\"page\">\n\t\t\t\t<div class=\"elementor-element elementor-element-206499ab e-flex e-con-boxed e-con e-parent\" data-id=\"206499ab\" data-element_type=\"container\" data-e-type=\"container\">\n\t\t\t\t\t<div class=\"e-con-inner\">\n\t\t\t\t<div class=\"elementor-element elementor-element-4093bdba elementor-widget elementor-widget-heading\" data-id=\"4093bdba\" data-element_type=\"widget\" data-e-type=\"widget\" data-widget_type=\"heading.default\">\n\t\t\t\t<div class=\"elementor-widget-container\">\n\t\t\t\t\t<h2 class=\"elementor-heading-title elementor-size-default\">\ud83c\udfa5 <em data-end=\"435\">~ <b>Become a Crystal Healer<\/b> ~ <br> Documental sobre la terapia de sonido y el poder curativo de las arpas de cristal <\/em><\/h2>\t\t\t\t<\/div>\n\t\t\t\t<\/div>\n\t\t\t\t\t<\/div>\n\t\t\t\t<\/div>\n\t\t<div class=\"elementor-element elementor-element-3ca90d3d e-grid e-con-boxed e-con e-parent\" data-id=\"3ca90d3d\" data-element_type=\"container\" data-e-type=\"container\">\n\t\t\t\t\t<div class=\"e-con-inner\">\n\t\t\t\t<div class=\"elementor-element elementor-element-7b7cd8f elementor-widget elementor-widget-video\" data-id=\"7b7cd8f\" data-element_type=\"widget\" data-e-type=\"widget\" data-settings=\"{&quot;youtube_url&quot;:&quot;https:\\\/\\\/www.youtube.com\\\/watch?v=72sNVojJzhU&quot;,&quot;video_type&quot;:&quot;youtube&quot;,&quot;controls&quot;:&quot;yes&quot;}\" data-widget_type=\"video.default\">\n\t\t\t\t<div class=\"elementor-widget-container\">\n\t\t\t\t\t\t\t<div class=\"elementor-wrapper elementor-open-inline\">\n\t\t\t<div class=\"elementor-video\"><\/div>\t\t<\/div>\n\t\t\t\t\t\t<\/div>\n\t\t\t\t<\/div>\n\t\t\t\t<div class=\"elementor-element elementor-element-18476b72 elementor-widget elementor-widget-text-editor\" data-id=\"18476b72\" data-element_type=\"widget\" data-e-type=\"widget\" data-widget_type=\"text-editor.default\">\n\t\t\t\t<div class=\"elementor-widget-container\">\n\t\t\t\t\t\t\t\t\t<p data-start=\"1794\" data-end=\"2052\">Descubre el poder transformador del sonido cristalino.<br data-start=\"1848\" data-end=\"1851\" \/>Este inspirador documental te lleva al mundo de la sanaci\u00f3n con sonido a trav\u00e9s de nuestros instrumentos de cristal hechos a mano, especialmente las \u00fanicas y poderosas <strong data-start=\"2019\" data-end=\"2039\">arpas de cristal<\/strong> que creamos.<\/p><p data-start=\"2054\" data-end=\"2263\">\u00danete a practicantes, terapeutas, m\u00fasicos y sanadores de todo el mundo que utilizan la vibraci\u00f3n pura de los cristales para apoyar la relajaci\u00f3n profunda, el equilibrio interior y la transformaci\u00f3n espiritual.<\/p><h4 data-start=\"2265\" data-end=\"2298\">En esta pel\u00edcula aprender\u00e1s:<\/h4><ul data-start=\"2299\" data-end=\"2640\"><li data-start=\"2299\" data-end=\"2381\"><p data-start=\"2301\" data-end=\"2381\">Qu\u00e9 son los instrumentos de cristal y c\u00f3mo se utilizan en la terapia de sonido<\/p><\/li><li data-start=\"2382\" data-end=\"2457\"><p data-start=\"2384\" data-end=\"2457\">C\u00f3mo las vibraciones cristalinas apoyan el bienestar f\u00edsico y emocional<\/p><\/li><li data-start=\"2458\" data-end=\"2540\"><p data-start=\"2460\" data-end=\"2540\">C\u00f3mo usar el sonido para la meditaci\u00f3n, la relajaci\u00f3n y el trabajo terap\u00e9utico<\/p><\/li><li data-start=\"2541\" data-end=\"2640\"><p data-start=\"2543\" data-end=\"2640\">Historias reales de sanadores con cristales, terapeutas de sonido y profesionales del bienestar<\/p><\/li><\/ul><p data-start=\"2642\" data-end=\"2766\">\ud83d\udc8e Con sonidos meditados de arpas de cristal e im\u00e1genes envolventes, esta pel\u00edcula es educativa y profundamente conmovedora.<\/p><hr data-start=\"2768\" data-end=\"2771\" \/><h3 data-start=\"2773\" data-end=\"2803\">\u00bfEs esta pel\u00edcula para ti?<\/h3><p data-start=\"2805\" data-end=\"3156\">Este documental es para ti si:<br data-start=\"2835\" data-end=\"2838\" \/>\u2714 Te interesa la sanaci\u00f3n sonora, la terapia vibracional o la meditaci\u00f3n<br data-start=\"2910\" data-end=\"2913\" \/>\u2714 Trabajas como terapeuta, sanador, profesor de yoga o coach<br data-start=\"2973\" data-end=\"2976\" \/>\u2714 Buscas nuevas herramientas para apoyar el bienestar y la armon\u00eda interior<br data-start=\"3051\" data-end=\"3054\" \/>\u2714 Quieres aprender m\u00e1s sobre c\u00f3mo trabajar con arpas de cristal y otros instrumentos de alta vibraci\u00f3n<\/p><p data-start=\"3158\" data-end=\"3262\">\u2728 D\u00e9jate inspirar. Sum\u00e9rgete en el mundo del sonido curativo.<br data-start=\"3219\" data-end=\"3222\" \/><strong data-start=\"3222\" data-end=\"3259\">Convi\u00e9rtete en un Crystal Healer.<\/strong> \ud83d\udcab<\/p><p data-start=\"3264\" data-end=\"3302\">\ud83c\udfac <strong data-start=\"3267\" data-end=\"3302\">Mira el tr\u00e1iler de la pel\u00edcula:<\/strong><\/p><p>\u00a0<\/p><p><iframe title=\"Zwiastun: Become a Crystal Healer -Uzdrawianie d\u017awi\u0119kiem z wykorzystaniem harf kryszta\u0142owych #shorts\" width=\"800\" height=\"450\" src=\"https:\/\/www.youtube.com\/embed\/uRtgOF1FUck?feature=oembed\" frameborder=\"0\" allow=\"accelerometer; autoplay; clipboard-write; encrypted-media; gyroscope; picture-in-picture; web-share\" referrerpolicy=\"strict-origin-when-cross-origin\" allowfullscreen><\/iframe><\/p>\t\t\t\t\t\t\t\t<\/div>\n\t\t\t\t<\/div>\n\t\t\t\t\t<\/div>\n\t\t\t\t<\/div>\n\t\t\t\t<\/div>\n\t\t","protected":false},"excerpt":{"rendered":"<p>\ud83c\udfa5 ~ Become a Crystal Healer ~ Documental sobre la terapia de sonido y el poder curativo de las arpas de cristal https:\/\/www.youtube.com\/watch?v=72sNVojJzhU Descubre el poder transformador del sonido cristalino.Este inspirador documental te lleva al mundo de la sanaci\u00f3n con sonido a trav\u00e9s de nuestros instrumentos de cristal hechos a mano, especialmente las \u00fanicas y [&hellip;]<\/p>\n","protected":false},"author":1,"featured_media":0,"parent":0,"menu_order":0,"comment_status":"closed","ping_status":"closed","template":"","meta":{"footnotes":""},"class_list":["post-2563","page","type-page","status-publish","hentry"],"aioseo_notices":[],"_links":{"self":[{"href":"https:\/\/www.crystalharps.com\/es\/wp-json\/wp\/v2\/pages\/2563","targetHints":{"allow":["GET"]}}],"collection":[{"href":"https:\/\/www.crystalharps.com\/es\/wp-json\/wp\/v2\/pages"}],"about":[{"href":"https:\/\/www.crystalharps.com\/es\/wp-json\/wp\/v2\/types\/page"}],"author":[{"embeddable":true,"href":"https:\/\/www.crystalharps.com\/es\/wp-json\/wp\/v2\/users\/1"}],"replies":[{"embeddable":true,"href":"https:\/\/www.crystalharps.com\/es\/wp-json\/wp\/v2\/comments?post=2563"}],"version-history":[{"count":4,"href":"https:\/\/www.crystalharps.com\/es\/wp-json\/wp\/v2\/pages\/2563\/revisions"}],"predecessor-version":[{"id":2567,"href":"https:\/\/www.crystalharps.com\/es\/wp-json\/wp\/v2\/pages\/2563\/revisions\/2567"}],"wp:attachment":[{"href":"https:\/\/www.crystalharps.com\/es\/wp-json\/wp\/v2\/media?parent=2563"}],"curies":[{"name":"wp","href":"https:\/\/api.w.org\/{rel}","templated":true}]}}