{"id":1367,"date":"2024-09-13T11:57:47","date_gmt":"2024-09-13T09:57:47","guid":{"rendered":"https:\/\/www.crystalharps.com\/service-de-copy-copy\/"},"modified":"2026-01-14T10:24:46","modified_gmt":"2026-01-14T09:24:46","slug":"service-es","status":"publish","type":"page","link":"https:\/\/www.crystalharps.com\/es\/service-es\/","title":{"rendered":"Servicio"},"content":{"rendered":"\t\t<div data-elementor-type=\"wp-page\" data-elementor-id=\"1367\" class=\"elementor elementor-1367 elementor-437\" data-elementor-post-type=\"page\">\n\t\t\t\t<div class=\"elementor-element elementor-element-d4c9697 e-con-full e-flex e-con e-parent\" data-id=\"d4c9697\" data-element_type=\"container\" data-e-type=\"container\" data-settings=\"{&quot;background_background&quot;:&quot;classic&quot;}\">\n\t\t\t\t<div class=\"elementor-element elementor-element-0e812d0 elementor-widget elementor-widget-heading\" data-id=\"0e812d0\" data-element_type=\"widget\" data-e-type=\"widget\" data-widget_type=\"heading.default\">\n\t\t\t\t<div class=\"elementor-widget-container\">\n\t\t\t\t\t<h2 class=\"elementor-heading-title elementor-size-default\">Servicio<\/h2>\t\t\t\t<\/div>\n\t\t\t\t<\/div>\n\t\t\t\t<\/div>\n\t\t<div class=\"elementor-element elementor-element-11383c2 e-flex e-con-boxed e-con e-parent\" data-id=\"11383c2\" data-element_type=\"container\" data-e-type=\"container\">\n\t\t\t\t\t<div class=\"e-con-inner\">\n\t\t\t\t<div class=\"elementor-element elementor-element-93c338e elementor-widget elementor-widget-text-editor\" data-id=\"93c338e\" data-element_type=\"widget\" data-e-type=\"widget\" data-widget_type=\"text-editor.default\">\n\t\t\t\t<div class=\"elementor-widget-container\">\n\t\t\t\t\t\t\t\t\t<p>Ofrecemos soporte completo para nuestros instrumentos. Si tiene alguna dificultad y necesita que el instrumento sea reparado o limpiado, intentaremos ayudarle. <\/p><p>El instrumento puede ser reparado envi\u00e1ndonoslo o, si se trata de un problema menor, le ofrecemos enviarle la pieza da\u00f1ada con una explicaci\u00f3n de c\u00f3mo reemplazarla.<\/p><p>Si tiene alg\u00fan problema con nuestro instrumento, estaremos encantados de ayudarle. Escr\u00edbanos sobre su caso a: <strong>hi@etherealwings.eu<\/strong> <\/p>\t\t\t\t\t\t\t\t<\/div>\n\t\t\t\t<\/div>\n\t\t\t\t\t<\/div>\n\t\t\t\t<\/div>\n\t\t\t\t<\/div>\n\t\t","protected":false},"excerpt":{"rendered":"<p>Servicio Ofrecemos soporte completo para nuestros instrumentos. Si tiene alguna dificultad y necesita que el instrumento sea reparado o limpiado, intentaremos ayudarle. El instrumento puede ser reparado envi\u00e1ndonoslo o, si se trata de un problema menor, le ofrecemos enviarle la pieza da\u00f1ada con una explicaci\u00f3n de c\u00f3mo reemplazarla. Si tiene alg\u00fan problema con nuestro instrumento, [&hellip;]<\/p>\n","protected":false},"author":1,"featured_media":0,"parent":0,"menu_order":0,"comment_status":"closed","ping_status":"closed","template":"elementor_header_footer","meta":{"footnotes":""},"class_list":["post-1367","page","type-page","status-publish","hentry"],"aioseo_notices":[],"_links":{"self":[{"href":"https:\/\/www.crystalharps.com\/es\/wp-json\/wp\/v2\/pages\/1367","targetHints":{"allow":["GET"]}}],"collection":[{"href":"https:\/\/www.crystalharps.com\/es\/wp-json\/wp\/v2\/pages"}],"about":[{"href":"https:\/\/www.crystalharps.com\/es\/wp-json\/wp\/v2\/types\/page"}],"author":[{"embeddable":true,"href":"https:\/\/www.crystalharps.com\/es\/wp-json\/wp\/v2\/users\/1"}],"replies":[{"embeddable":true,"href":"https:\/\/www.crystalharps.com\/es\/wp-json\/wp\/v2\/comments?post=1367"}],"version-history":[{"count":6,"href":"https:\/\/www.crystalharps.com\/es\/wp-json\/wp\/v2\/pages\/1367\/revisions"}],"predecessor-version":[{"id":5743,"href":"https:\/\/www.crystalharps.com\/es\/wp-json\/wp\/v2\/pages\/1367\/revisions\/5743"}],"wp:attachment":[{"href":"https:\/\/www.crystalharps.com\/es\/wp-json\/wp\/v2\/media?parent=1367"}],"curies":[{"name":"wp","href":"https:\/\/api.w.org\/{rel}","templated":true}]}}