{"id":2573,"date":"2025-05-29T20:53:23","date_gmt":"2025-05-29T18:53:23","guid":{"rendered":"https:\/\/www.crystalharps.com\/?page_id=2573"},"modified":"2026-01-11T17:12:04","modified_gmt":"2026-01-11T16:12:04","slug":"dokumentation-uber-unsere-instrumente-de","status":"publish","type":"page","link":"https:\/\/www.crystalharps.com\/de\/dokumentation-uber-unsere-instrumente-de\/","title":{"rendered":"Dokumentation \u00fcber unsere Instrumente (DE)"},"content":{"rendered":"\t\t<div data-elementor-type=\"wp-page\" data-elementor-id=\"2573\" class=\"elementor elementor-2573 elementor-2554\" data-elementor-post-type=\"page\">\n\t\t\t\t<div class=\"elementor-element elementor-element-5bf1d8d3 e-flex e-con-boxed e-con e-parent\" data-id=\"5bf1d8d3\" data-element_type=\"container\" data-e-type=\"container\">\n\t\t\t\t\t<div class=\"e-con-inner\">\n\t\t\t\t<div class=\"elementor-element elementor-element-622aee82 elementor-widget elementor-widget-heading\" data-id=\"622aee82\" data-element_type=\"widget\" data-e-type=\"widget\" data-widget_type=\"heading.default\">\n\t\t\t\t<div class=\"elementor-widget-container\">\n\t\t\t\t\t<h2 class=\"elementor-heading-title elementor-size-default\">\ud83c\udfa5 <em data-end=\"435\">~ <b>Become a Crystal Healer<\/b> ~ <br>Dokumentarfilm \u00fcber Klangtherapie und die heilende Kraft von Kristallharfen <\/em><\/h2>\t\t\t\t<\/div>\n\t\t\t\t<\/div>\n\t\t\t\t\t<\/div>\n\t\t\t\t<\/div>\n\t\t<div class=\"elementor-element elementor-element-6e92eb02 e-grid e-con-boxed e-con e-parent\" data-id=\"6e92eb02\" data-element_type=\"container\" data-e-type=\"container\">\n\t\t\t\t\t<div class=\"e-con-inner\">\n\t\t\t\t<div class=\"elementor-element elementor-element-6eb6cb5d elementor-widget elementor-widget-video\" data-id=\"6eb6cb5d\" data-element_type=\"widget\" data-e-type=\"widget\" data-settings=\"{&quot;youtube_url&quot;:&quot;https:\\\/\\\/www.youtube.com\\\/watch?v=72sNVojJzhU&quot;,&quot;video_type&quot;:&quot;youtube&quot;,&quot;controls&quot;:&quot;yes&quot;}\" data-widget_type=\"video.default\">\n\t\t\t\t<div class=\"elementor-widget-container\">\n\t\t\t\t\t\t\t<div class=\"elementor-wrapper elementor-open-inline\">\n\t\t\t<div class=\"elementor-video\"><\/div>\t\t<\/div>\n\t\t\t\t\t\t<\/div>\n\t\t\t\t<\/div>\n\t\t\t\t<div class=\"elementor-element elementor-element-6323f130 elementor-widget elementor-widget-text-editor\" data-id=\"6323f130\" data-element_type=\"widget\" data-e-type=\"widget\" data-widget_type=\"text-editor.default\">\n\t\t\t\t<div class=\"elementor-widget-container\">\n\t\t\t\t\t\t\t\t\t<p data-start=\"5111\" data-end=\"5380\">Entdecke die transformierende Kraft des Kristallklangs.<br data-start=\"5166\" data-end=\"5169\" \/>Diese inspirierende Dokumentation f\u00fchrt dich in die Welt der Klangheilung mit unseren handgefertigten Kristallinstrumenten \u2013 insbesondere den einzigartigen und kraftvollen <strong data-start=\"5341\" data-end=\"5359\">Kristallharfen<\/strong>, die wir herstellen.<\/p><p data-start=\"5382\" data-end=\"5588\">Begleite Praktizierende, Therapeuten, Musiker und Heiler aus aller Welt, die die reine Schwingung der Kristalle nutzen, um tiefe Entspannung, inneres Gleichgewicht und spirituelle Transformation zu f\u00f6rdern.<\/p><h4 data-start=\"5590\" data-end=\"5622\">In diesem Film erf\u00e4hrst du:<\/h4><ul data-start=\"5623\" data-end=\"5940\"><li data-start=\"5623\" data-end=\"5706\"><p data-start=\"5625\" data-end=\"5706\">Was Kristallinstrumente sind und wie sie in der Klangtherapie eingesetzt werden<\/p><\/li><li data-start=\"5707\" data-end=\"5792\"><p data-start=\"5709\" data-end=\"5792\">Wie Kristallschwingungen das k\u00f6rperliche und emotionale Wohlbefinden unterst\u00fctzen<\/p><\/li><li data-start=\"5793\" data-end=\"5856\"><p data-start=\"5795\" data-end=\"5856\">Wie man Klang f\u00fcr Meditation, Entspannung und Heilung nutzt<\/p><\/li><li data-start=\"5857\" data-end=\"5940\"><p data-start=\"5859\" data-end=\"5940\">Echte Geschichten von Crystal Healers, Klangtherapeuten und Wellness-Praktikern<\/p><\/li><\/ul><p data-start=\"5942\" data-end=\"6073\">\ud83d\udc8e Mit meditativen Kl\u00e4ngen von Kristallharfen und eindrucksvollen Bildern ist dieser Film sowohl lehrreich als auch tief ber\u00fchrend.<\/p><hr data-start=\"6075\" data-end=\"6078\" \/><h3 data-start=\"6080\" data-end=\"6115\">Ist dieser Film etwas f\u00fcr dich?<\/h3><p data-start=\"6117\" data-end=\"6465\">Diese Dokumentation ist genau das Richtige f\u00fcr dich, wenn du:<br data-start=\"6178\" data-end=\"6181\" \/>\u2714 Dich f\u00fcr Klangheilung, Schwingungstherapie oder Meditation interessierst<br data-start=\"6255\" data-end=\"6258\" \/>\u2714 Als Therapeut, Heiler, Yogalehrer oder Coach arbeitest<br data-start=\"6314\" data-end=\"6317\" \/>\u2714 Neue Werkzeuge suchst, um Wohlbefinden und innere Harmonie zu f\u00f6rdern<br data-start=\"6388\" data-end=\"6391\" \/>\u2714 Mehr \u00fcber Kristallharfen und hochschwingende Instrumente lernen m\u00f6chtest<\/p><p data-start=\"6467\" data-end=\"6571\">\u2728 Lass dich inspirieren. Tauche ein in die Welt des heilenden Klangs.<br data-start=\"6536\" data-end=\"6539\" \/><strong data-start=\"6539\" data-end=\"6568\">Werde ein Crystal Healer.<\/strong> \ud83d\udcab<\/p><p data-start=\"6573\" data-end=\"6604\">\ud83c\udfac <strong data-start=\"6576\" data-end=\"6604\">Sieh dir den Trailer an:<\/strong><\/p><hr data-start=\"6606\" data-end=\"6609\" \/><p>\u00a0<\/p><p><iframe title=\"Zwiastun: Become a Crystal Healer -Uzdrawianie d\u017awi\u0119kiem z wykorzystaniem harf kryszta\u0142owych #shorts\" width=\"800\" height=\"450\" src=\"https:\/\/www.youtube.com\/embed\/uRtgOF1FUck?feature=oembed\" frameborder=\"0\" allow=\"accelerometer; autoplay; clipboard-write; encrypted-media; gyroscope; picture-in-picture; web-share\" referrerpolicy=\"strict-origin-when-cross-origin\" allowfullscreen><\/iframe><\/p>\t\t\t\t\t\t\t\t<\/div>\n\t\t\t\t<\/div>\n\t\t\t\t\t<\/div>\n\t\t\t\t<\/div>\n\t\t<div class=\"elementor-element elementor-element-8db89bc e-flex e-con-boxed e-con e-parent\" data-id=\"8db89bc\" data-element_type=\"container\" data-e-type=\"container\">\n\t\t\t\t\t<div class=\"e-con-inner\">\n\t\t\t\t<div class=\"elementor-element elementor-element-b06a333 elementor-widget elementor-widget-text-editor\" data-id=\"b06a333\" data-element_type=\"widget\" data-e-type=\"widget\" data-widget_type=\"text-editor.default\">\n\t\t\t\t<div class=\"elementor-widget-container\">\n\t\t\t\t\t\t\t\t\t<p data-start=\"438\" data-end=\"514\"><strong data-start=\"438\" data-end=\"514\">A documentary about sound therapy and the healing power of crystal harps<\/strong><\/p><p data-start=\"516\" data-end=\"746\">Discover the transformative power of crystal sound.<br data-start=\"567\" data-end=\"570\" \/>This inspirational documentary explores the world of sound healing through our handcrafted crystal instruments \u2013 especially the unique and powerful <strong data-start=\"718\" data-end=\"735\">crystal harps<\/strong> we create.<\/p><p data-start=\"748\" data-end=\"936\">Join practitioners, therapists, musicians, and healers from around the world who use the pure vibration of crystals to support deep relaxation, inner balance, and spiritual transformation.<\/p><h4 data-start=\"938\" data-end=\"972\">In this film, you will learn:<\/h4><ul data-start=\"973\" data-end=\"1259\"><li data-start=\"973\" data-end=\"1040\"><p data-start=\"975\" data-end=\"1040\">What crystal instruments are and how they work in sound therapy<\/p><\/li><li data-start=\"1041\" data-end=\"1109\"><p data-start=\"1043\" data-end=\"1109\">How crystal vibrations support physical and emotional well-being<\/p><\/li><li data-start=\"1110\" data-end=\"1175\"><p data-start=\"1112\" data-end=\"1175\">How to use sound for meditation, relaxation, and healing work<\/p><\/li><li data-start=\"1176\" data-end=\"1259\"><p data-start=\"1178\" data-end=\"1259\">Real stories from crystal healers, sound therapists, and wellness practitioners<\/p><\/li><\/ul><p data-start=\"1261\" data-end=\"1387\">\ud83d\udc8e Featuring beautiful, meditative crystal harp sounds and immersive visuals, this film is both educational and deeply moving.<\/p><hr data-start=\"1544\" data-end=\"1547\" \/><h3 data-start=\"1549\" data-end=\"1574\">Is this film for you?<\/h3><p data-start=\"1576\" data-end=\"1908\">This documentary is perfect for you if you:<br data-start=\"1619\" data-end=\"1622\" \/>\u2714 Are interested in sound healing, vibrational therapy, or meditation<br data-start=\"1691\" data-end=\"1694\" \/>\u2714 Work as a therapist, healer, yoga teacher, or coach<br data-start=\"1747\" data-end=\"1750\" \/>\u2714 Are looking for new tools to support well-being and inner harmony<br data-start=\"1817\" data-end=\"1820\" \/>\u2714 Want to learn more about working with crystal harps and high-vibrational instruments<\/p><p data-start=\"1910\" data-end=\"2009\">\u2728 Let yourself be inspired. Step into the world of healing sound.<br data-start=\"1975\" data-end=\"1978\" \/><strong data-start=\"1978\" data-end=\"2006\">Become a Crystal Healer.<\/strong> \ud83d\udcab<\/p><p data-start=\"1910\" data-end=\"2009\">\ud83c\udfac <strong data-start=\"1392\" data-end=\"1414\">Watch the movie trailer:<\/strong><\/p><p><iframe title=\"Zwiastun: Become a Crystal Healer -Uzdrawianie d\u017awi\u0119kiem z wykorzystaniem harf kryszta\u0142owych #shorts\" width=\"800\" height=\"450\" src=\"https:\/\/www.youtube.com\/embed\/uRtgOF1FUck?feature=oembed\" frameborder=\"0\" allow=\"accelerometer; autoplay; clipboard-write; encrypted-media; gyroscope; picture-in-picture; web-share\" referrerpolicy=\"strict-origin-when-cross-origin\" allowfullscreen><\/iframe><\/p>\t\t\t\t\t\t\t\t<\/div>\n\t\t\t\t<\/div>\n\t\t\t\t\t<\/div>\n\t\t\t\t<\/div>\n\t\t\t\t<\/div>\n\t\t","protected":false},"excerpt":{"rendered":"<p>\ud83c\udfa5 ~ Become a Crystal Healer ~ Dokumentarfilm \u00fcber Klangtherapie und die heilende Kraft von Kristallharfen https:\/\/www.youtube.com\/watch?v=72sNVojJzhU Entdecke die transformierende Kraft des Kristallklangs.Diese inspirierende Dokumentation f\u00fchrt dich in die Welt der Klangheilung mit unseren handgefertigten Kristallinstrumenten \u2013 insbesondere den einzigartigen und kraftvollen Kristallharfen, die wir herstellen. Begleite Praktizierende, Therapeuten, Musiker und Heiler aus aller Welt, [&hellip;]<\/p>\n","protected":false},"author":1,"featured_media":0,"parent":0,"menu_order":0,"comment_status":"closed","ping_status":"closed","template":"","meta":{"footnotes":""},"class_list":["post-2573","page","type-page","status-publish","hentry"],"aioseo_notices":[],"_links":{"self":[{"href":"https:\/\/www.crystalharps.com\/de\/wp-json\/wp\/v2\/pages\/2573","targetHints":{"allow":["GET"]}}],"collection":[{"href":"https:\/\/www.crystalharps.com\/de\/wp-json\/wp\/v2\/pages"}],"about":[{"href":"https:\/\/www.crystalharps.com\/de\/wp-json\/wp\/v2\/types\/page"}],"author":[{"embeddable":true,"href":"https:\/\/www.crystalharps.com\/de\/wp-json\/wp\/v2\/users\/1"}],"replies":[{"embeddable":true,"href":"https:\/\/www.crystalharps.com\/de\/wp-json\/wp\/v2\/comments?post=2573"}],"version-history":[{"count":4,"href":"https:\/\/www.crystalharps.com\/de\/wp-json\/wp\/v2\/pages\/2573\/revisions"}],"predecessor-version":[{"id":2577,"href":"https:\/\/www.crystalharps.com\/de\/wp-json\/wp\/v2\/pages\/2573\/revisions\/2577"}],"wp:attachment":[{"href":"https:\/\/www.crystalharps.com\/de\/wp-json\/wp\/v2\/media?parent=2573"}],"curies":[{"name":"wp","href":"https:\/\/api.w.org\/{rel}","templated":true}]}}