{"id":1330,"date":"2024-09-13T11:58:11","date_gmt":"2024-09-13T09:58:11","guid":{"rendered":"https:\/\/www.crystalharps.com\/delivery-copy\/"},"modified":"2026-01-12T15:44:32","modified_gmt":"2026-01-12T14:44:32","slug":"delivery-de","status":"publish","type":"page","link":"https:\/\/www.crystalharps.com\/de\/delivery-de\/","title":{"rendered":"Lieferung"},"content":{"rendered":"\t\t<div data-elementor-type=\"wp-page\" data-elementor-id=\"1330\" class=\"elementor elementor-1330 elementor-442\" data-elementor-post-type=\"page\">\n\t\t\t\t<div class=\"elementor-element elementor-element-6a1e92f e-con-full e-flex e-con e-parent\" data-id=\"6a1e92f\" data-element_type=\"container\" data-e-type=\"container\" data-settings=\"{&quot;background_background&quot;:&quot;classic&quot;}\">\n\t\t\t\t<div class=\"elementor-element elementor-element-f7632e4 elementor-widget elementor-widget-heading\" data-id=\"f7632e4\" data-element_type=\"widget\" data-e-type=\"widget\" data-widget_type=\"heading.default\">\n\t\t\t\t<div class=\"elementor-widget-container\">\n\t\t\t\t\t<h2 class=\"elementor-heading-title elementor-size-default\">Lieferung<\/h2>\t\t\t\t<\/div>\n\t\t\t\t<\/div>\n\t\t\t\t<\/div>\n\t\t<div class=\"elementor-element elementor-element-501fba5 e-flex e-con-boxed e-con e-parent\" data-id=\"501fba5\" data-element_type=\"container\" data-e-type=\"container\">\n\t\t\t\t\t<div class=\"e-con-inner\">\n\t\t\t\t<div class=\"elementor-element elementor-element-e31a9e4 elementor-widget elementor-widget-text-editor\" data-id=\"e31a9e4\" data-element_type=\"widget\" data-e-type=\"widget\" data-widget_type=\"text-editor.default\">\n\t\t\t\t<div class=\"elementor-widget-container\">\n\t\t\t\t\t\t\t\t\t<p>Wir versenden unsere Instrumente weltweit per Fedex und UPS Luftfracht.<br>Innerhalb Europas versenden wir per DPD und UPS.<\/p><p>Die Transportkosten werden auf der Website automatisch berechnet, nachdem Sie das Lieferland ausgew\u00e4hlt haben.<\/p><p>Pakete werden sorgf\u00e4ltig verpackt und gut gesichert. Sie sind w\u00e4hrend des Transports auch zum vollen Wert versichert. Wir verpacken sie jedoch so, dass wir diese Versicherung nie in Anspruch nehmen m\u00fcssen und unsere lieben Kunden sich beruhigt f\u00fchlen k\u00f6nnen.  <\/p>\t\t\t\t\t\t\t\t<\/div>\n\t\t\t\t<\/div>\n\t\t\t\t\t<\/div>\n\t\t\t\t<\/div>\n\t\t\t\t<\/div>\n\t\t","protected":false},"excerpt":{"rendered":"<p>Lieferung Wir versenden unsere Instrumente weltweit per Fedex und UPS Luftfracht.Innerhalb Europas versenden wir per DPD und UPS. Die Transportkosten werden auf der Website automatisch berechnet, nachdem Sie das Lieferland ausgew\u00e4hlt haben. Pakete werden sorgf\u00e4ltig verpackt und gut gesichert. Sie sind w\u00e4hrend des Transports auch zum vollen Wert versichert. Wir verpacken sie jedoch so, dass [&hellip;]<\/p>\n","protected":false},"author":1,"featured_media":0,"parent":0,"menu_order":0,"comment_status":"closed","ping_status":"closed","template":"","meta":{"footnotes":""},"class_list":["post-1330","page","type-page","status-publish","hentry"],"aioseo_notices":[],"_links":{"self":[{"href":"https:\/\/www.crystalharps.com\/de\/wp-json\/wp\/v2\/pages\/1330","targetHints":{"allow":["GET"]}}],"collection":[{"href":"https:\/\/www.crystalharps.com\/de\/wp-json\/wp\/v2\/pages"}],"about":[{"href":"https:\/\/www.crystalharps.com\/de\/wp-json\/wp\/v2\/types\/page"}],"author":[{"embeddable":true,"href":"https:\/\/www.crystalharps.com\/de\/wp-json\/wp\/v2\/users\/1"}],"replies":[{"embeddable":true,"href":"https:\/\/www.crystalharps.com\/de\/wp-json\/wp\/v2\/comments?post=1330"}],"version-history":[{"count":6,"href":"https:\/\/www.crystalharps.com\/de\/wp-json\/wp\/v2\/pages\/1330\/revisions"}],"predecessor-version":[{"id":5366,"href":"https:\/\/www.crystalharps.com\/de\/wp-json\/wp\/v2\/pages\/1330\/revisions\/5366"}],"wp:attachment":[{"href":"https:\/\/www.crystalharps.com\/de\/wp-json\/wp\/v2\/media?parent=1330"}],"curies":[{"name":"wp","href":"https:\/\/api.w.org\/{rel}","templated":true}]}}